{"id":11451,"date":"2026-04-29T14:20:45","date_gmt":"2026-04-29T14:20:45","guid":{"rendered":"https:\/\/www.kamieli.lv\/?page_id=11451"},"modified":"2026-04-29T14:49:47","modified_gmt":"2026-04-29T14:49:47","slug":"raksi-bio-meslojums","status":"publish","type":"page","link":"https:\/\/www.kamieli.lv\/en\/raksi-bio-meslojums\/","title":{"rendered":"Rak\u0161i BIO m\u0113slojums"},"content":{"rendered":"<div data-elementor-type=\"wp-page\" data-elementor-id=\"11451\" class=\"elementor elementor-11451\" data-elementor-post-type=\"page\">\n\t\t\t\t\t\t<section class=\"elementor-section elementor-top-section elementor-element elementor-element-2ea0a5c elementor-section-full_width elementor-section-height-min-height elementor-section-height-default elementor-section-items-middle\" data-id=\"2ea0a5c\" data-element_type=\"section\" data-settings=\"{&quot;background_background&quot;:&quot;classic&quot;,&quot;shape_divider_bottom&quot;:&quot;wave-brush&quot;}\">\n\t\t\t\t\t\t\t<div class=\"elementor-background-overlay\"><\/div>\n\t\t\t\t\t\t<div class=\"elementor-shape elementor-shape-bottom\" aria-hidden=\"true\" data-negative=\"false\">\n\t\t\t<svg xmlns=\"http:\/\/www.w3.org\/2000\/svg\" viewbox=\"0 0 283.5 27.8\" preserveaspectratio=\"none\">\n\t<path class=\"elementor-shape-fill\" d=\"M283.5,9.7c0,0-7.3,4.3-14,4.6c-6.8,0.3-12.6,0-20.9-1.5c-11.3-2-33.1-10.1-44.7-5.7\ts-12.1,4.6-18,7.4c-6.6,3.2-20,9.6-36.6,9.3C131.6,23.5,99.5,7.2,86.3,8c-1.4,0.1-6.6,0.8-10.5,2c-3.8,1.2-9.4,3.8-17,4.7\tc-3.2,0.4-8.3,1.1-14.2,0.9c-1.5-0.1-6.3-0.4-12-1.6c-5.7-1.2-11-3.1-15.8-3.7C6.5,9.2,0,10.8,0,10.8V0h283.5V9.7z M260.8,11.3\tc-0.7-1-2-0.4-4.3-0.4c-2.3,0-6.1-1.2-5.8-1.1c0.3,0.1,3.1,1.5,6,1.9C259.7,12.2,261.4,12.3,260.8,11.3z M242.4,8.6\tc0,0-2.4-0.2-5.6-0.9c-3.2-0.8-10.3-2.8-15.1-3.5c-8.2-1.1-15.8,0-15.1,0.1c0.8,0.1,9.6-0.6,17.6,1.1c3.3,0.7,9.3,2.2,12.4,2.7\tC239.9,8.7,242.4,8.6,242.4,8.6z M185.2,8.5c1.7-0.7-13.3,4.7-18.5,6.1c-2.1,0.6-6.2,1.6-10,2c-3.9,0.4-8.9,0.4-8.8,0.5\tc0,0.2,5.8,0.8,11.2,0c5.4-0.8,5.2-1.1,7.6-1.6C170.5,14.7,183.5,9.2,185.2,8.5z M199.1,6.9c0.2,0-0.8-0.4-4.8,1.1\tc-4,1.5-6.7,3.5-6.9,3.7c-0.2,0.1,3.5-1.8,6.6-3C197,7.5,199,6.9,199.1,6.9z M283,6c-0.1,0.1-1.9,1.1-4.8,2.5s-6.9,2.8-6.7,2.7\tc0.2,0,3.5-0.6,7.4-2.5C282.8,6.8,283.1,5.9,283,6z M31.3,11.6c0.1-0.2-1.9-0.2-4.5-1.2s-5.4-1.6-7.8-2C15,7.6,7.3,8.5,7.7,8.6\tC8,8.7,15.9,8.3,20.2,9.3c2.2,0.5,2.4,0.5,5.7,1.6S31.2,11.9,31.3,11.6z M73,9.2c0.4-0.1,3.5-1.6,8.4-2.6c4.9-1.1,8.9-0.5,8.9-0.8\tc0-0.3-1-0.9-6.2-0.3S72.6,9.3,73,9.2z M71.6,6.7C71.8,6.8,75,5.4,77.3,5c2.3-0.3,1.9-0.5,1.9-0.6c0-0.1-1.1-0.2-2.7,0.2\tC74.8,5.1,71.4,6.6,71.6,6.7z M93.6,4.4c0.1,0.2,3.5,0.8,5.6,1.8c2.1,1,1.8,0.6,1.9,0.5c0.1-0.1-0.8-0.8-2.4-1.3\tC97.1,4.8,93.5,4.2,93.6,4.4z M65.4,11.1c-0.1,0.3,0.3,0.5,1.9-0.2s2.6-1.3,2.2-1.2s-0.9,0.4-2.5,0.8C65.3,10.9,65.5,10.8,65.4,11.1\tz M34.5,12.4c-0.2,0,2.1,0.8,3.3,0.9c1.2,0.1,2,0.1,2-0.2c0-0.3-0.1-0.5-1.6-0.4C36.6,12.8,34.7,12.4,34.5,12.4z M152.2,21.1\tc-0.1,0.1-2.4-0.3-7.5-0.3c-5,0-13.6-2.4-17.2-3.5c-3.6-1.1,10,3.9,16.5,4.1C150.5,21.6,152.3,21,152.2,21.1z\"\/>\n\t<path class=\"elementor-shape-fill\" d=\"M269.6,18c-0.1-0.1-4.6,0.3-7.2,0c-7.3-0.7-17-3.2-16.6-2.9c0.4,0.3,13.7,3.1,17,3.3\tC267.7,18.8,269.7,18,269.6,18z\"\/>\n\t<path class=\"elementor-shape-fill\" d=\"M227.4,9.8c-0.2-0.1-4.5-1-9.5-1.2c-5-0.2-12.7,0.6-12.3,0.5c0.3-0.1,5.9-1.8,13.3-1.2\tS227.6,9.9,227.4,9.8z\"\/>\n\t<path class=\"elementor-shape-fill\" d=\"M204.5,13.4c-0.1-0.1,2-1,3.2-1.1c1.2-0.1,2,0,2,0.3c0,0.3-0.1,0.5-1.6,0.4\tC206.4,12.9,204.6,13.5,204.5,13.4z\"\/>\n\t<path class=\"elementor-shape-fill\" d=\"M201,10.6c0-0.1-4.4,1.2-6.3,2.2c-1.9,0.9-6.2,3.1-6.1,3.1c0.1,0.1,4.2-1.6,6.3-2.6\tS201,10.7,201,10.6z\"\/>\n\t<path class=\"elementor-shape-fill\" d=\"M154.5,26.7c-0.1-0.1-4.6,0.3-7.2,0c-7.3-0.7-17-3.2-16.6-2.9c0.4,0.3,13.7,3.1,17,3.3\tC152.6,27.5,154.6,26.8,154.5,26.7z\"\/>\n\t<path class=\"elementor-shape-fill\" d=\"M41.9,19.3c0,0,1.2-0.3,2.9-0.1c1.7,0.2,5.8,0.9,8.2,0.7c4.2-0.4,7.4-2.7,7-2.6\tc-0.4,0-4.3,2.2-8.6,1.9c-1.8-0.1-5.1-0.5-6.7-0.4S41.9,19.3,41.9,19.3z\"\/>\n\t<path class=\"elementor-shape-fill\" d=\"M75.5,12.6c0.2,0.1,2-0.8,4.3-1.1c2.3-0.2,2.1-0.3,2.1-0.5c0-0.1-1.8-0.4-3.4,0\tC76.9,11.5,75.3,12.5,75.5,12.6z\"\/>\n\t<path class=\"elementor-shape-fill\" d=\"M15.6,13.2c0-0.1,4.3,0,6.7,0.5c2.4,0.5,5,1.9,5,2c0,0.1-2.7-0.8-5.1-1.4\tC19.9,13.7,15.7,13.3,15.6,13.2z\"\/>\n<\/svg>\t\t<\/div>\n\t\t\t\t\t<div class=\"elementor-container elementor-column-gap-default\">\n\t\t\t\t\t<div class=\"elementor-column elementor-col-100 elementor-top-column elementor-element elementor-element-e053e0e\" data-id=\"e053e0e\" data-element_type=\"column\">\n\t\t\t<div class=\"elementor-widget-wrap elementor-element-populated\">\n\t\t\t\t\t\t<div class=\"elementor-element elementor-element-7121108 elementor-invisible elementor-widget elementor-widget-heading\" data-id=\"7121108\" data-element_type=\"widget\" data-settings=\"{&quot;_animation&quot;:&quot;zoomIn&quot;}\" data-widget_type=\"heading.default\">\n\t\t\t\t\t<h2 class=\"elementor-heading-title elementor-size-default\">Rak\u0161i BIO<\/h2>\t\t\t\t<\/div>\n\t\t\t\t\t<\/div>\n\t\t<\/div>\n\t\t\t\t\t<\/div>\n\t\t<\/section>\n\t\t<div class=\"elementor-element elementor-element-3ed391ba e-con-full e-flex e-con e-parent\" data-id=\"3ed391ba\" data-element_type=\"container\">\n\t\t<div class=\"elementor-element elementor-element-5ca91251 e-flex e-con-boxed e-con e-child\" data-id=\"5ca91251\" data-element_type=\"container\">\n\t\t\t\t\t<div class=\"e-con-inner\">\n\t\t\t\t<div class=\"elementor-element elementor-element-033a266 elementor-widget elementor-widget-text-editor\" data-id=\"033a266\" data-element_type=\"widget\" data-widget_type=\"text-editor.default\">\n\t\t\t\t\t\t\t\t\t<p>Uz\u0146\u0113mum\u0101 Raksi Bio 70% tiek izmantots roku darbs un videi draudz\u012bgi materi\u0101li.<\/p><p>Rak\u0161i Bio ir draudz\u012bgs uz\u0146\u0113mums kamie\u013cu parkam Rak\u0161i un uz\u0146\u0113muma \u010dakl\u0101kie darbinieki ir gandr\u012bz 90 kamie\u013cu park\u0101 dz\u012bvojo\u0161\u0101s lamas, alpakas, divkupru un vienkupru kamie\u013ci.<\/p><p>Uz\u0146\u0113mums veic dz\u012bvnieku k\u016btsm\u0113slu sav\u0101k\u0161anu, p\u0101rstr\u0101di, nodro\u0161ina ra\u017eo\u0161anas un iepako\u0161anas procesus, lai gatavais produkts \u2013 organiskais m\u0113slojums, non\u0101ktu veikalu plauktos un pie saviem lietot\u0101jiem.<\/p>\t\t\t\t\t\t\t\t<\/div>\n\t\t\t\t\t<\/div>\n\t\t\t\t<\/div>\n\t\t\t\t<\/div>\n\t\t<div class=\"elementor-element elementor-element-2ca3c928 e-con-full e-flex e-con e-parent\" data-id=\"2ca3c928\" data-element_type=\"container\">\n\t\t<div class=\"elementor-element elementor-element-51bc5918 e-flex e-con-boxed e-con e-child\" data-id=\"51bc5918\" data-element_type=\"container\">\n\t\t\t\t\t<div class=\"e-con-inner\">\n\t\t<div class=\"elementor-element elementor-element-5ab1244 e-con-full e-flex e-con e-child\" data-id=\"5ab1244\" data-element_type=\"container\">\n\t\t\t\t<div class=\"elementor-element elementor-element-376a7e6 elementor-widget elementor-widget-image\" data-id=\"376a7e6\" data-element_type=\"widget\" data-widget_type=\"image.default\">\n\t\t\t\t\t\t\t\t\t\t\t\t\t\t\t\t<a href=\"https:\/\/www.kamieli.lv\/wp-content\/uploads\/2026\/04\/telpaugiem_prieksa.png\" data-elementor-open-lightbox=\"yes\" data-elementor-lightbox-title=\"telpaugiem_prieksa\" data-e-action-hash=\"#elementor-action%3Aaction%3Dlightbox%26settings%3DeyJpZCI6MTE0NjAsInVybCI6Imh0dHBzOlwvXC93d3cua2FtaWVsaS5sdlwvd3AtY29udGVudFwvdXBsb2Fkc1wvMjAyNlwvMDRcL3RlbHBhdWdpZW1fcHJpZWtzYS5wbmcifQ%3D%3D\">\n\t\t\t\t\t\t\t<img fetchpriority=\"high\" decoding=\"async\" width=\"750\" height=\"620\" src=\"https:\/\/www.kamieli.lv\/wp-content\/uploads\/2026\/04\/telpaugiem_prieksa.png\" class=\"attachment-large size-large wp-image-11460\" alt=\"\" srcset=\"https:\/\/www.kamieli.lv\/wp-content\/uploads\/2026\/04\/telpaugiem_prieksa.png 750w, https:\/\/www.kamieli.lv\/wp-content\/uploads\/2026\/04\/telpaugiem_prieksa-300x248.png 300w, https:\/\/www.kamieli.lv\/wp-content\/uploads\/2026\/04\/telpaugiem_prieksa-15x12.png 15w\" sizes=\"(max-width: 750px) 100vw, 750px\" \/>\t\t\t\t\t\t\t\t<\/a>\n\t\t\t\t\t\t\t\t\t\t\t\t\t\t\t<\/div>\n\t\t\t\t<div class=\"elementor-element elementor-element-a944eaa elementor-widget elementor-widget-heading\" data-id=\"a944eaa\" data-element_type=\"widget\" data-widget_type=\"heading.default\">\n\t\t\t\t\t<h3 class=\"elementor-heading-title elementor-size-default\">15 x 20 g<\/h3>\t\t\t\t<\/div>\n\t\t\t\t<div class=\"elementor-element elementor-element-08666a9 elementor-widget elementor-widget-heading\" data-id=\"08666a9\" data-element_type=\"widget\" data-widget_type=\"heading.default\">\n\t\t\t\t\t<h2 class=\"elementor-heading-title elementor-size-default\">M\u0113slojums telpaugiem<\/h2>\t\t\t\t<\/div>\n\t\t\t\t<\/div>\n\t\t<div class=\"elementor-element elementor-element-cbe366c e-con-full e-flex e-con e-child\" data-id=\"cbe366c\" data-element_type=\"container\">\n\t\t\t\t<div class=\"elementor-element elementor-element-55de05c elementor-widget elementor-widget-image\" data-id=\"55de05c\" data-element_type=\"widget\" data-widget_type=\"image.default\">\n\t\t\t\t\t\t\t\t\t\t\t\t\t\t\t\t<a href=\"https:\/\/www.kamieli.lv\/wp-content\/uploads\/2026\/04\/pukemdarzeniem_200g_prieksa.png\" data-elementor-open-lightbox=\"yes\" data-elementor-lightbox-title=\"pukemdarzeniem_200g_prieksa\" data-e-action-hash=\"#elementor-action%3Aaction%3Dlightbox%26settings%3DeyJpZCI6MTE0NTksInVybCI6Imh0dHBzOlwvXC93d3cua2FtaWVsaS5sdlwvd3AtY29udGVudFwvdXBsb2Fkc1wvMjAyNlwvMDRcL3B1a2VtZGFyemVuaWVtXzIwMGdfcHJpZWtzYS5wbmcifQ%3D%3D\">\n\t\t\t\t\t\t\t<img decoding=\"async\" width=\"750\" height=\"620\" src=\"https:\/\/www.kamieli.lv\/wp-content\/uploads\/2026\/04\/pukemdarzeniem_200g_prieksa.png\" class=\"attachment-large size-large wp-image-11459\" alt=\"\" srcset=\"https:\/\/www.kamieli.lv\/wp-content\/uploads\/2026\/04\/pukemdarzeniem_200g_prieksa.png 750w, https:\/\/www.kamieli.lv\/wp-content\/uploads\/2026\/04\/pukemdarzeniem_200g_prieksa-300x248.png 300w, https:\/\/www.kamieli.lv\/wp-content\/uploads\/2026\/04\/pukemdarzeniem_200g_prieksa-15x12.png 15w\" sizes=\"(max-width: 750px) 100vw, 750px\" \/>\t\t\t\t\t\t\t\t<\/a>\n\t\t\t\t\t\t\t\t\t\t\t\t\t\t\t<\/div>\n\t\t\t\t<div class=\"elementor-element elementor-element-85f6d04 elementor-widget elementor-widget-heading\" data-id=\"85f6d04\" data-element_type=\"widget\" data-widget_type=\"heading.default\">\n\t\t\t\t\t<h3 class=\"elementor-heading-title elementor-size-default\">4 x 200 g<\/h3>\t\t\t\t<\/div>\n\t\t\t\t<div class=\"elementor-element elementor-element-5f9a3fa elementor-widget elementor-widget-heading\" data-id=\"5f9a3fa\" data-element_type=\"widget\" data-widget_type=\"heading.default\">\n\t\t\t\t\t<h2 class=\"elementor-heading-title elementor-size-default\">Pu\u0137\u0113m un d\u0101ze\u0146iem<\/h2>\t\t\t\t<\/div>\n\t\t\t\t<\/div>\n\t\t\t\t\t<\/div>\n\t\t\t\t<\/div>\n\t\t<div class=\"elementor-element elementor-element-7ed4988 e-flex e-con-boxed e-con e-child\" data-id=\"7ed4988\" data-element_type=\"container\">\n\t\t\t\t\t<div class=\"e-con-inner\">\n\t\t<div class=\"elementor-element elementor-element-72b0912 e-con-full e-flex e-con e-child\" data-id=\"72b0912\" data-element_type=\"container\">\n\t\t\t\t<div class=\"elementor-element elementor-element-f406fff elementor-widget elementor-widget-image\" data-id=\"f406fff\" data-element_type=\"widget\" data-widget_type=\"image.default\">\n\t\t\t\t\t\t\t\t\t\t\t\t\t\t\t\t<a href=\"https:\/\/www.kamieli.lv\/wp-content\/uploads\/2026\/04\/pukemdarzeniem_1kg_prieksa.png\" data-elementor-open-lightbox=\"yes\" data-elementor-lightbox-title=\"pukemdarzeniem_1kg_prieksa\" data-e-action-hash=\"#elementor-action%3Aaction%3Dlightbox%26settings%3DeyJpZCI6MTE0NTgsInVybCI6Imh0dHBzOlwvXC93d3cua2FtaWVsaS5sdlwvd3AtY29udGVudFwvdXBsb2Fkc1wvMjAyNlwvMDRcL3B1a2VtZGFyemVuaWVtXzFrZ19wcmlla3NhLnBuZyJ9\">\n\t\t\t\t\t\t\t<img decoding=\"async\" width=\"750\" height=\"620\" src=\"https:\/\/www.kamieli.lv\/wp-content\/uploads\/2026\/04\/pukemdarzeniem_1kg_prieksa.png\" class=\"attachment-large size-large wp-image-11458\" alt=\"\" srcset=\"https:\/\/www.kamieli.lv\/wp-content\/uploads\/2026\/04\/pukemdarzeniem_1kg_prieksa.png 750w, https:\/\/www.kamieli.lv\/wp-content\/uploads\/2026\/04\/pukemdarzeniem_1kg_prieksa-300x248.png 300w, https:\/\/www.kamieli.lv\/wp-content\/uploads\/2026\/04\/pukemdarzeniem_1kg_prieksa-15x12.png 15w\" sizes=\"(max-width: 750px) 100vw, 750px\" \/>\t\t\t\t\t\t\t\t<\/a>\n\t\t\t\t\t\t\t\t\t\t\t\t\t\t\t<\/div>\n\t\t\t\t<div class=\"elementor-element elementor-element-e278f6b elementor-widget elementor-widget-heading\" data-id=\"e278f6b\" data-element_type=\"widget\" data-widget_type=\"heading.default\">\n\t\t\t\t\t<h3 class=\"elementor-heading-title elementor-size-default\">1 kg<\/h3>\t\t\t\t<\/div>\n\t\t\t\t<div class=\"elementor-element elementor-element-5322b33 elementor-widget elementor-widget-heading\" data-id=\"5322b33\" data-element_type=\"widget\" data-widget_type=\"heading.default\">\n\t\t\t\t\t<h2 class=\"elementor-heading-title elementor-size-default\">Pu\u0137\u0113m un d\u0101ze\u0146iem<\/h2>\t\t\t\t<\/div>\n\t\t\t\t<\/div>\n\t\t<div class=\"elementor-element elementor-element-fe40d52 e-con-full e-flex e-con e-child\" data-id=\"fe40d52\" data-element_type=\"container\">\n\t\t\t\t<div class=\"elementor-element elementor-element-160ec73 elementor-widget elementor-widget-image\" data-id=\"160ec73\" data-element_type=\"widget\" data-widget_type=\"image.default\">\n\t\t\t\t\t\t\t\t\t\t\t\t\t\t\t\t<a href=\"https:\/\/www.kamieli.lv\/wp-content\/uploads\/2026\/04\/ogulajiem_200g_prieksa.png\" data-elementor-open-lightbox=\"yes\" data-elementor-lightbox-title=\"ogulajiem_200g_prieksa\" data-e-action-hash=\"#elementor-action%3Aaction%3Dlightbox%26settings%3DeyJpZCI6MTE0NTcsInVybCI6Imh0dHBzOlwvXC93d3cua2FtaWVsaS5sdlwvd3AtY29udGVudFwvdXBsb2Fkc1wvMjAyNlwvMDRcL29ndWxhamllbV8yMDBnX3ByaWVrc2EucG5nIn0%3D\">\n\t\t\t\t\t\t\t<img loading=\"lazy\" decoding=\"async\" width=\"750\" height=\"620\" src=\"https:\/\/www.kamieli.lv\/wp-content\/uploads\/2026\/04\/ogulajiem_200g_prieksa.png\" class=\"attachment-large size-large wp-image-11457\" alt=\"\" srcset=\"https:\/\/www.kamieli.lv\/wp-content\/uploads\/2026\/04\/ogulajiem_200g_prieksa.png 750w, https:\/\/www.kamieli.lv\/wp-content\/uploads\/2026\/04\/ogulajiem_200g_prieksa-300x248.png 300w, https:\/\/www.kamieli.lv\/wp-content\/uploads\/2026\/04\/ogulajiem_200g_prieksa-15x12.png 15w\" sizes=\"(max-width: 750px) 100vw, 750px\" \/>\t\t\t\t\t\t\t\t<\/a>\n\t\t\t\t\t\t\t\t\t\t\t\t\t\t\t<\/div>\n\t\t\t\t<div class=\"elementor-element elementor-element-8f5e8ef elementor-widget elementor-widget-heading\" data-id=\"8f5e8ef\" data-element_type=\"widget\" data-widget_type=\"heading.default\">\n\t\t\t\t\t<h3 class=\"elementor-heading-title elementor-size-default\">4 x 200 g<\/h3>\t\t\t\t<\/div>\n\t\t\t\t<div class=\"elementor-element elementor-element-806c4bf elementor-widget elementor-widget-heading\" data-id=\"806c4bf\" data-element_type=\"widget\" data-widget_type=\"heading.default\">\n\t\t\t\t\t<h2 class=\"elementor-heading-title elementor-size-default\">Ogul\u0101jiem, aug\u013cu kokiem<\/h2>\t\t\t\t<\/div>\n\t\t\t\t<\/div>\n\t\t\t\t\t<\/div>\n\t\t\t\t<\/div>\n\t\t\t\t<\/div>\n\t\t\t\t<\/div>","protected":false},"excerpt":{"rendered":"<p>Rak\u0161i BIO Uz\u0146\u0113mum\u0101 Raksi Bio 70% tiek izmantots roku darbs un videi draudz\u012bgi materi\u0101li. Rak\u0161i Bio ir draudz\u012bgs uz\u0146\u0113mums kamie\u013cu parkam Rak\u0161i un uz\u0146\u0113muma \u010dakl\u0101kie darbinieki ir gandr\u012bz 90 kamie\u013cu park\u0101 dz\u012bvojo\u0161\u0101s lamas, alpakas, divkupru un vienkupru kamie\u013ci. Uz\u0146\u0113mums veic dz\u012bvnieku k\u016btsm\u0113slu sav\u0101k\u0161anu, p\u0101rstr\u0101di, nodro\u0161ina ra\u017eo\u0161anas un iepako\u0161anas procesus, lai gatavais produkts \u2013 organiskais m\u0113slojums, [&hellip;]<\/p>","protected":false},"author":1,"featured_media":0,"parent":0,"menu_order":0,"comment_status":"closed","ping_status":"closed","template":"","meta":{"footnotes":""},"class_list":["post-11451","page","type-page","status-publish","hentry"],"yoast_head":"<!-- This site is optimized with the Yoast SEO Premium plugin v27.2 (Yoast SEO v27.5) - https:\/\/yoast.com\/product\/yoast-seo-premium-wordpress\/ -->\n<title>Rak\u0161i BIO m\u0113slojums - Rak\u0161i Zoo<\/title>\n<meta name=\"robots\" content=\"index, follow, max-snippet:-1, max-image-preview:large, max-video-preview:-1\" \/>\n<link rel=\"canonical\" href=\"https:\/\/www.kamieli.lv\/en\/raksi-bio-meslojums\/\" \/>\n<meta property=\"og:locale\" content=\"en_US\" \/>\n<meta property=\"og:type\" content=\"article\" \/>\n<meta property=\"og:title\" content=\"Rak\u0161i BIO m\u0113slojums\" \/>\n<meta property=\"og:description\" content=\"Rak\u0161i BIO Uz\u0146\u0113mum\u0101 Raksi Bio 70% tiek izmantots roku darbs un videi draudz\u012bgi materi\u0101li. Rak\u0161i Bio ir draudz\u012bgs uz\u0146\u0113mums kamie\u013cu parkam Rak\u0161i un uz\u0146\u0113muma \u010dakl\u0101kie darbinieki ir gandr\u012bz 90 kamie\u013cu park\u0101 dz\u012bvojo\u0161\u0101s lamas, alpakas, divkupru un vienkupru kamie\u013ci. Uz\u0146\u0113mums veic dz\u012bvnieku k\u016btsm\u0113slu sav\u0101k\u0161anu, p\u0101rstr\u0101di, nodro\u0161ina ra\u017eo\u0161anas un iepako\u0161anas procesus, lai gatavais produkts \u2013 organiskais m\u0113slojums, [&hellip;]\" \/>\n<meta property=\"og:url\" content=\"https:\/\/www.kamieli.lv\/en\/raksi-bio-meslojums\/\" \/>\n<meta property=\"og:site_name\" content=\"Rak\u0161i Zoo\" \/>\n<meta property=\"article:modified_time\" content=\"2026-04-29T14:49:47+00:00\" \/>\n<meta property=\"og:image\" content=\"https:\/\/www.kamieli.lv\/wp-content\/uploads\/2026\/04\/telpaugiem_prieksa.png\" \/>\n\t<meta property=\"og:image:width\" content=\"750\" \/>\n\t<meta property=\"og:image:height\" content=\"620\" \/>\n\t<meta property=\"og:image:type\" content=\"image\/png\" \/>\n<meta name=\"twitter:card\" content=\"summary_large_image\" \/>\n<meta name=\"twitter:label1\" content=\"Est. reading time\" \/>\n\t<meta name=\"twitter:data1\" content=\"2 minutes\" \/>\n<script type=\"application\/ld+json\" class=\"yoast-schema-graph\">{\"@context\":\"https:\\\/\\\/schema.org\",\"@graph\":[{\"@type\":\"WebPage\",\"@id\":\"https:\\\/\\\/www.kamieli.lv\\\/raksi-bio-meslojums\\\/\",\"url\":\"https:\\\/\\\/www.kamieli.lv\\\/raksi-bio-meslojums\\\/\",\"name\":\"Rak\u0161i BIO m\u0113slojums - Rak\u0161i Zoo\",\"isPartOf\":{\"@id\":\"https:\\\/\\\/www.kamieli.lv\\\/#website\"},\"primaryImageOfPage\":{\"@id\":\"https:\\\/\\\/www.kamieli.lv\\\/raksi-bio-meslojums\\\/#primaryimage\"},\"image\":{\"@id\":\"https:\\\/\\\/www.kamieli.lv\\\/raksi-bio-meslojums\\\/#primaryimage\"},\"thumbnailUrl\":\"https:\\\/\\\/www.kamieli.lv\\\/wp-content\\\/uploads\\\/2026\\\/04\\\/telpaugiem_prieksa.png\",\"datePublished\":\"2026-04-29T14:20:45+00:00\",\"dateModified\":\"2026-04-29T14:49:47+00:00\",\"breadcrumb\":{\"@id\":\"https:\\\/\\\/www.kamieli.lv\\\/raksi-bio-meslojums\\\/#breadcrumb\"},\"inLanguage\":\"en-US\",\"potentialAction\":[{\"@type\":\"ReadAction\",\"target\":[\"https:\\\/\\\/www.kamieli.lv\\\/raksi-bio-meslojums\\\/\"]}]},{\"@type\":\"ImageObject\",\"inLanguage\":\"en-US\",\"@id\":\"https:\\\/\\\/www.kamieli.lv\\\/raksi-bio-meslojums\\\/#primaryimage\",\"url\":\"https:\\\/\\\/www.kamieli.lv\\\/wp-content\\\/uploads\\\/2026\\\/04\\\/telpaugiem_prieksa.png\",\"contentUrl\":\"https:\\\/\\\/www.kamieli.lv\\\/wp-content\\\/uploads\\\/2026\\\/04\\\/telpaugiem_prieksa.png\"},{\"@type\":\"BreadcrumbList\",\"@id\":\"https:\\\/\\\/www.kamieli.lv\\\/raksi-bio-meslojums\\\/#breadcrumb\",\"itemListElement\":[{\"@type\":\"ListItem\",\"position\":1,\"name\":\"Home\",\"item\":\"https:\\\/\\\/www.kamieli.lv\\\/\"},{\"@type\":\"ListItem\",\"position\":2,\"name\":\"Rak\u0161i BIO m\u0113slojums\"}]},{\"@type\":\"WebSite\",\"@id\":\"https:\\\/\\\/www.kamieli.lv\\\/#website\",\"url\":\"https:\\\/\\\/www.kamieli.lv\\\/\",\"name\":\"Rak\u0161i Zoo\",\"description\":\"\u201eRak\u0161i\u201d br\u012bvdabas ZOO var redz\u0113t gandr\u012bz 200 dz\u012bvniekus\",\"publisher\":{\"@id\":\"https:\\\/\\\/www.kamieli.lv\\\/#organization\"},\"potentialAction\":[{\"@type\":\"SearchAction\",\"target\":{\"@type\":\"EntryPoint\",\"urlTemplate\":\"https:\\\/\\\/www.kamieli.lv\\\/?s={search_term_string}\"},\"query-input\":{\"@type\":\"PropertyValueSpecification\",\"valueRequired\":true,\"valueName\":\"search_term_string\"}}],\"inLanguage\":\"en-US\"},{\"@type\":\"Organization\",\"@id\":\"https:\\\/\\\/www.kamieli.lv\\\/#organization\",\"name\":\"Rak\u0161i Zoo\",\"url\":\"https:\\\/\\\/www.kamieli.lv\\\/\",\"logo\":{\"@type\":\"ImageObject\",\"inLanguage\":\"en-US\",\"@id\":\"https:\\\/\\\/www.kamieli.lv\\\/#\\\/schema\\\/logo\\\/image\\\/\",\"url\":\"https:\\\/\\\/www.kamieli.lv\\\/wp-content\\\/uploads\\\/2021\\\/03\\\/logo-raksi-2.png\",\"contentUrl\":\"https:\\\/\\\/www.kamieli.lv\\\/wp-content\\\/uploads\\\/2021\\\/03\\\/logo-raksi-2.png\",\"width\":89,\"height\":50,\"caption\":\"Rak\u0161i Zoo\"},\"image\":{\"@id\":\"https:\\\/\\\/www.kamieli.lv\\\/#\\\/schema\\\/logo\\\/image\\\/\"}}]}<\/script>\n<!-- \/ Yoast SEO Premium plugin. -->","yoast_head_json":{"title":"Rak\u0161i BIO m\u0113slojums - Rak\u0161i Zoo","robots":{"index":"index","follow":"follow","max-snippet":"max-snippet:-1","max-image-preview":"max-image-preview:large","max-video-preview":"max-video-preview:-1"},"canonical":"https:\/\/www.kamieli.lv\/en\/raksi-bio-meslojums\/","og_locale":"en_US","og_type":"article","og_title":"Rak\u0161i BIO m\u0113slojums","og_description":"Rak\u0161i BIO Uz\u0146\u0113mum\u0101 Raksi Bio 70% tiek izmantots roku darbs un videi draudz\u012bgi materi\u0101li. Rak\u0161i Bio ir draudz\u012bgs uz\u0146\u0113mums kamie\u013cu parkam Rak\u0161i un uz\u0146\u0113muma \u010dakl\u0101kie darbinieki ir gandr\u012bz 90 kamie\u013cu park\u0101 dz\u012bvojo\u0161\u0101s lamas, alpakas, divkupru un vienkupru kamie\u013ci. Uz\u0146\u0113mums veic dz\u012bvnieku k\u016btsm\u0113slu sav\u0101k\u0161anu, p\u0101rstr\u0101di, nodro\u0161ina ra\u017eo\u0161anas un iepako\u0161anas procesus, lai gatavais produkts \u2013 organiskais m\u0113slojums, [&hellip;]","og_url":"https:\/\/www.kamieli.lv\/en\/raksi-bio-meslojums\/","og_site_name":"Rak\u0161i Zoo","article_modified_time":"2026-04-29T14:49:47+00:00","og_image":[{"width":750,"height":620,"url":"https:\/\/www.kamieli.lv\/wp-content\/uploads\/2026\/04\/telpaugiem_prieksa.png","type":"image\/png"}],"twitter_card":"summary_large_image","twitter_misc":{"Est. reading time":"2 minutes"},"schema":{"@context":"https:\/\/schema.org","@graph":[{"@type":"WebPage","@id":"https:\/\/www.kamieli.lv\/raksi-bio-meslojums\/","url":"https:\/\/www.kamieli.lv\/raksi-bio-meslojums\/","name":"Rak\u0161i BIO m\u0113slojums - Rak\u0161i Zoo","isPartOf":{"@id":"https:\/\/www.kamieli.lv\/#website"},"primaryImageOfPage":{"@id":"https:\/\/www.kamieli.lv\/raksi-bio-meslojums\/#primaryimage"},"image":{"@id":"https:\/\/www.kamieli.lv\/raksi-bio-meslojums\/#primaryimage"},"thumbnailUrl":"https:\/\/www.kamieli.lv\/wp-content\/uploads\/2026\/04\/telpaugiem_prieksa.png","datePublished":"2026-04-29T14:20:45+00:00","dateModified":"2026-04-29T14:49:47+00:00","breadcrumb":{"@id":"https:\/\/www.kamieli.lv\/raksi-bio-meslojums\/#breadcrumb"},"inLanguage":"en-US","potentialAction":[{"@type":"ReadAction","target":["https:\/\/www.kamieli.lv\/raksi-bio-meslojums\/"]}]},{"@type":"ImageObject","inLanguage":"en-US","@id":"https:\/\/www.kamieli.lv\/raksi-bio-meslojums\/#primaryimage","url":"https:\/\/www.kamieli.lv\/wp-content\/uploads\/2026\/04\/telpaugiem_prieksa.png","contentUrl":"https:\/\/www.kamieli.lv\/wp-content\/uploads\/2026\/04\/telpaugiem_prieksa.png"},{"@type":"BreadcrumbList","@id":"https:\/\/www.kamieli.lv\/raksi-bio-meslojums\/#breadcrumb","itemListElement":[{"@type":"ListItem","position":1,"name":"Home","item":"https:\/\/www.kamieli.lv\/"},{"@type":"ListItem","position":2,"name":"Rak\u0161i BIO m\u0113slojums"}]},{"@type":"WebSite","@id":"https:\/\/www.kamieli.lv\/#website","url":"https:\/\/www.kamieli.lv\/","name":"Rak\u0161i Zoo","description":"\u201eRak\u0161i\u201d br\u012bvdabas ZOO var redz\u0113t gandr\u012bz 200 dz\u012bvniekus","publisher":{"@id":"https:\/\/www.kamieli.lv\/#organization"},"potentialAction":[{"@type":"SearchAction","target":{"@type":"EntryPoint","urlTemplate":"https:\/\/www.kamieli.lv\/?s={search_term_string}"},"query-input":{"@type":"PropertyValueSpecification","valueRequired":true,"valueName":"search_term_string"}}],"inLanguage":"en-US"},{"@type":"Organization","@id":"https:\/\/www.kamieli.lv\/#organization","name":"Rak\u0161i Zoo","url":"https:\/\/www.kamieli.lv\/","logo":{"@type":"ImageObject","inLanguage":"en-US","@id":"https:\/\/www.kamieli.lv\/#\/schema\/logo\/image\/","url":"https:\/\/www.kamieli.lv\/wp-content\/uploads\/2021\/03\/logo-raksi-2.png","contentUrl":"https:\/\/www.kamieli.lv\/wp-content\/uploads\/2021\/03\/logo-raksi-2.png","width":89,"height":50,"caption":"Rak\u0161i Zoo"},"image":{"@id":"https:\/\/www.kamieli.lv\/#\/schema\/logo\/image\/"}}]}},"_links":{"self":[{"href":"https:\/\/www.kamieli.lv\/en\/wp-json\/wp\/v2\/pages\/11451","targetHints":{"allow":["GET"]}}],"collection":[{"href":"https:\/\/www.kamieli.lv\/en\/wp-json\/wp\/v2\/pages"}],"about":[{"href":"https:\/\/www.kamieli.lv\/en\/wp-json\/wp\/v2\/types\/page"}],"author":[{"embeddable":true,"href":"https:\/\/www.kamieli.lv\/en\/wp-json\/wp\/v2\/users\/1"}],"replies":[{"embeddable":true,"href":"https:\/\/www.kamieli.lv\/en\/wp-json\/wp\/v2\/comments?post=11451"}],"version-history":[{"count":5,"href":"https:\/\/www.kamieli.lv\/en\/wp-json\/wp\/v2\/pages\/11451\/revisions"}],"predecessor-version":[{"id":11480,"href":"https:\/\/www.kamieli.lv\/en\/wp-json\/wp\/v2\/pages\/11451\/revisions\/11480"}],"wp:attachment":[{"href":"https:\/\/www.kamieli.lv\/en\/wp-json\/wp\/v2\/media?parent=11451"}],"curies":[{"name":"wp","href":"https:\/\/api.w.org\/{rel}","templated":true}]}}