{"id":790,"date":"2021-03-29T13:21:03","date_gmt":"2021-03-29T13:21:03","guid":{"rendered":"https:\/\/www.kamieli.lv\/?page_id=790"},"modified":"2025-12-09T10:59:55","modified_gmt":"2025-12-09T10:59:55","slug":"camel-cafe","status":"publish","type":"page","link":"https:\/\/www.kamieli.lv\/en\/camel-cafe\/","title":{"rendered":"\u00abCamel Cafe\u00bb"},"content":{"rendered":"<div data-elementor-type=\"wp-page\" data-elementor-id=\"790\" class=\"elementor elementor-790\" data-elementor-post-type=\"page\">\n\t\t\t\t\t\t<section class=\"elementor-section elementor-top-section elementor-element elementor-element-81b9a03 elementor-section-full_width elementor-section-height-min-height elementor-section-height-default elementor-section-items-middle\" data-id=\"81b9a03\" data-element_type=\"section\" data-settings=\"{&quot;background_background&quot;:&quot;classic&quot;,&quot;shape_divider_bottom&quot;:&quot;wave-brush&quot;}\">\n\t\t\t\t\t\t\t<div class=\"elementor-background-overlay\"><\/div>\n\t\t\t\t\t\t<div class=\"elementor-shape elementor-shape-bottom\" aria-hidden=\"true\" data-negative=\"false\">\n\t\t\t<svg xmlns=\"http:\/\/www.w3.org\/2000\/svg\" viewbox=\"0 0 283.5 27.8\" preserveaspectratio=\"none\">\n\t<path class=\"elementor-shape-fill\" d=\"M283.5,9.7c0,0-7.3,4.3-14,4.6c-6.8,0.3-12.6,0-20.9-1.5c-11.3-2-33.1-10.1-44.7-5.7\ts-12.1,4.6-18,7.4c-6.6,3.2-20,9.6-36.6,9.3C131.6,23.5,99.5,7.2,86.3,8c-1.4,0.1-6.6,0.8-10.5,2c-3.8,1.2-9.4,3.8-17,4.7\tc-3.2,0.4-8.3,1.1-14.2,0.9c-1.5-0.1-6.3-0.4-12-1.6c-5.7-1.2-11-3.1-15.8-3.7C6.5,9.2,0,10.8,0,10.8V0h283.5V9.7z M260.8,11.3\tc-0.7-1-2-0.4-4.3-0.4c-2.3,0-6.1-1.2-5.8-1.1c0.3,0.1,3.1,1.5,6,1.9C259.7,12.2,261.4,12.3,260.8,11.3z M242.4,8.6\tc0,0-2.4-0.2-5.6-0.9c-3.2-0.8-10.3-2.8-15.1-3.5c-8.2-1.1-15.8,0-15.1,0.1c0.8,0.1,9.6-0.6,17.6,1.1c3.3,0.7,9.3,2.2,12.4,2.7\tC239.9,8.7,242.4,8.6,242.4,8.6z M185.2,8.5c1.7-0.7-13.3,4.7-18.5,6.1c-2.1,0.6-6.2,1.6-10,2c-3.9,0.4-8.9,0.4-8.8,0.5\tc0,0.2,5.8,0.8,11.2,0c5.4-0.8,5.2-1.1,7.6-1.6C170.5,14.7,183.5,9.2,185.2,8.5z M199.1,6.9c0.2,0-0.8-0.4-4.8,1.1\tc-4,1.5-6.7,3.5-6.9,3.7c-0.2,0.1,3.5-1.8,6.6-3C197,7.5,199,6.9,199.1,6.9z M283,6c-0.1,0.1-1.9,1.1-4.8,2.5s-6.9,2.8-6.7,2.7\tc0.2,0,3.5-0.6,7.4-2.5C282.8,6.8,283.1,5.9,283,6z M31.3,11.6c0.1-0.2-1.9-0.2-4.5-1.2s-5.4-1.6-7.8-2C15,7.6,7.3,8.5,7.7,8.6\tC8,8.7,15.9,8.3,20.2,9.3c2.2,0.5,2.4,0.5,5.7,1.6S31.2,11.9,31.3,11.6z M73,9.2c0.4-0.1,3.5-1.6,8.4-2.6c4.9-1.1,8.9-0.5,8.9-0.8\tc0-0.3-1-0.9-6.2-0.3S72.6,9.3,73,9.2z M71.6,6.7C71.8,6.8,75,5.4,77.3,5c2.3-0.3,1.9-0.5,1.9-0.6c0-0.1-1.1-0.2-2.7,0.2\tC74.8,5.1,71.4,6.6,71.6,6.7z M93.6,4.4c0.1,0.2,3.5,0.8,5.6,1.8c2.1,1,1.8,0.6,1.9,0.5c0.1-0.1-0.8-0.8-2.4-1.3\tC97.1,4.8,93.5,4.2,93.6,4.4z M65.4,11.1c-0.1,0.3,0.3,0.5,1.9-0.2s2.6-1.3,2.2-1.2s-0.9,0.4-2.5,0.8C65.3,10.9,65.5,10.8,65.4,11.1\tz M34.5,12.4c-0.2,0,2.1,0.8,3.3,0.9c1.2,0.1,2,0.1,2-0.2c0-0.3-0.1-0.5-1.6-0.4C36.6,12.8,34.7,12.4,34.5,12.4z M152.2,21.1\tc-0.1,0.1-2.4-0.3-7.5-0.3c-5,0-13.6-2.4-17.2-3.5c-3.6-1.1,10,3.9,16.5,4.1C150.5,21.6,152.3,21,152.2,21.1z\"\/>\n\t<path class=\"elementor-shape-fill\" d=\"M269.6,18c-0.1-0.1-4.6,0.3-7.2,0c-7.3-0.7-17-3.2-16.6-2.9c0.4,0.3,13.7,3.1,17,3.3\tC267.7,18.8,269.7,18,269.6,18z\"\/>\n\t<path class=\"elementor-shape-fill\" d=\"M227.4,9.8c-0.2-0.1-4.5-1-9.5-1.2c-5-0.2-12.7,0.6-12.3,0.5c0.3-0.1,5.9-1.8,13.3-1.2\tS227.6,9.9,227.4,9.8z\"\/>\n\t<path class=\"elementor-shape-fill\" d=\"M204.5,13.4c-0.1-0.1,2-1,3.2-1.1c1.2-0.1,2,0,2,0.3c0,0.3-0.1,0.5-1.6,0.4\tC206.4,12.9,204.6,13.5,204.5,13.4z\"\/>\n\t<path class=\"elementor-shape-fill\" d=\"M201,10.6c0-0.1-4.4,1.2-6.3,2.2c-1.9,0.9-6.2,3.1-6.1,3.1c0.1,0.1,4.2-1.6,6.3-2.6\tS201,10.7,201,10.6z\"\/>\n\t<path class=\"elementor-shape-fill\" d=\"M154.5,26.7c-0.1-0.1-4.6,0.3-7.2,0c-7.3-0.7-17-3.2-16.6-2.9c0.4,0.3,13.7,3.1,17,3.3\tC152.6,27.5,154.6,26.8,154.5,26.7z\"\/>\n\t<path class=\"elementor-shape-fill\" d=\"M41.9,19.3c0,0,1.2-0.3,2.9-0.1c1.7,0.2,5.8,0.9,8.2,0.7c4.2-0.4,7.4-2.7,7-2.6\tc-0.4,0-4.3,2.2-8.6,1.9c-1.8-0.1-5.1-0.5-6.7-0.4S41.9,19.3,41.9,19.3z\"\/>\n\t<path class=\"elementor-shape-fill\" d=\"M75.5,12.6c0.2,0.1,2-0.8,4.3-1.1c2.3-0.2,2.1-0.3,2.1-0.5c0-0.1-1.8-0.4-3.4,0\tC76.9,11.5,75.3,12.5,75.5,12.6z\"\/>\n\t<path class=\"elementor-shape-fill\" d=\"M15.6,13.2c0-0.1,4.3,0,6.7,0.5c2.4,0.5,5,1.9,5,2c0,0.1-2.7-0.8-5.1-1.4\tC19.9,13.7,15.7,13.3,15.6,13.2z\"\/>\n<\/svg>\t\t<\/div>\n\t\t\t\t\t<div class=\"elementor-container elementor-column-gap-default\">\n\t\t\t\t\t<div class=\"elementor-column elementor-col-100 elementor-top-column elementor-element elementor-element-71a103ac\" data-id=\"71a103ac\" data-element_type=\"column\">\n\t\t\t<div class=\"elementor-widget-wrap elementor-element-populated\">\n\t\t\t\t\t\t<div class=\"elementor-element elementor-element-5ae23e66 elementor-invisible elementor-widget elementor-widget-heading\" data-id=\"5ae23e66\" data-element_type=\"widget\" data-settings=\"{&quot;_animation&quot;:&quot;zoomIn&quot;}\" data-widget_type=\"heading.default\">\n\t\t\t\t<div class=\"elementor-widget-container\">\n\t\t\t\t\t<h2 class=\"elementor-heading-title elementor-size-default\">\u00abCAMEL CAFE\u00bb <\/h2>\t\t\t\t<\/div>\n\t\t\t\t<\/div>\n\t\t\t\t\t<\/div>\n\t\t<\/div>\n\t\t\t\t\t<\/div>\n\t\t<\/section>\n\t\t\t\t<section class=\"elementor-section elementor-top-section elementor-element elementor-element-b075185 elementor-section-boxed elementor-section-height-default elementor-section-height-default elementor-invisible\" data-id=\"b075185\" data-element_type=\"section\" data-settings=\"{&quot;animation&quot;:&quot;fadeInRight&quot;}\">\n\t\t\t\t\t\t<div class=\"elementor-container elementor-column-gap-default\">\n\t\t\t\t\t<div class=\"elementor-column elementor-col-100 elementor-top-column elementor-element elementor-element-629b8b2\" data-id=\"629b8b2\" data-element_type=\"column\">\n\t\t\t<div class=\"elementor-widget-wrap elementor-element-populated\">\n\t\t\t\t\t\t<div class=\"elementor-element elementor-element-e73d086 elementor-widget elementor-widget-heading\" data-id=\"e73d086\" data-element_type=\"widget\" data-widget_type=\"heading.default\">\n\t\t\t\t<div class=\"elementor-widget-container\">\n\t\t\t\t\t<h2 class=\"elementor-heading-title elementor-size-default translation-block\">\u00abCamel cafe\u00bb menu<\/h2>\t\t\t\t<\/div>\n\t\t\t\t<\/div>\n\t\t\t\t<div class=\"elementor-element elementor-element-d5dbdca elementor-widget elementor-widget-image\" data-id=\"d5dbdca\" data-element_type=\"widget\" data-widget_type=\"image.default\">\n\t\t\t\t<div class=\"elementor-widget-container\">\n\t\t\t\t\t\t\t\t\t\t\t\t\t\t\t\t<a href=\"https:\/\/www.kamieli.lv\/wp-content\/uploads\/2025\/03\/Raksi-Camel-Cafe-menu.png\" data-elementor-open-lightbox=\"yes\" data-elementor-lightbox-title=\"Rak\u0161i Camel Cafe menu\" data-e-action-hash=\"#elementor-action%3Aaction%3Dlightbox%26settings%3DeyJpZCI6MTA2MjQsInVybCI6Imh0dHBzOlwvXC93d3cua2FtaWVsaS5sdlwvd3AtY29udGVudFwvdXBsb2Fkc1wvMjAyNVwvMDNcL1Jha3NpLUNhbWVsLUNhZmUtbWVudS5wbmcifQ%3D%3D\">\n\t\t\t\t\t\t\t<img fetchpriority=\"high\" decoding=\"async\" width=\"723\" height=\"1024\" src=\"https:\/\/www.kamieli.lv\/wp-content\/uploads\/2025\/03\/Raksi-Camel-Cafe-menu-723x1024.png\" class=\"attachment-large size-large wp-image-10624\" alt=\"\" srcset=\"https:\/\/www.kamieli.lv\/wp-content\/uploads\/2025\/03\/Raksi-Camel-Cafe-menu-723x1024.png 723w, https:\/\/www.kamieli.lv\/wp-content\/uploads\/2025\/03\/Raksi-Camel-Cafe-menu-212x300.png 212w, https:\/\/www.kamieli.lv\/wp-content\/uploads\/2025\/03\/Raksi-Camel-Cafe-menu-768x1088.png 768w, https:\/\/www.kamieli.lv\/wp-content\/uploads\/2025\/03\/Raksi-Camel-Cafe-menu-1084x1536.png 1084w, https:\/\/www.kamieli.lv\/wp-content\/uploads\/2025\/03\/Raksi-Camel-Cafe-menu-1446x2048.png 1446w\" sizes=\"(max-width: 723px) 100vw, 723px\" \/>\t\t\t\t\t\t\t\t<\/a>\n\t\t\t\t\t\t\t\t\t\t\t\t\t\t\t<\/div>\n\t\t\t\t<\/div>\n\t\t\t\t\t<\/div>\n\t\t<\/div>\n\t\t\t\t\t<\/div>\n\t\t<\/section>\n\t\t\t\t<section class=\"elementor-section elementor-top-section elementor-element elementor-element-ef18157 elementor-section-boxed elementor-section-height-default elementor-section-height-default elementor-invisible\" data-id=\"ef18157\" data-element_type=\"section\" data-settings=\"{&quot;animation&quot;:&quot;fadeInRight&quot;,&quot;shape_divider_bottom&quot;:&quot;wave-brush&quot;}\">\n\t\t\t\t\t<div class=\"elementor-shape elementor-shape-bottom\" aria-hidden=\"true\" data-negative=\"false\">\n\t\t\t<svg xmlns=\"http:\/\/www.w3.org\/2000\/svg\" viewbox=\"0 0 283.5 27.8\" preserveaspectratio=\"none\">\n\t<path class=\"elementor-shape-fill\" d=\"M283.5,9.7c0,0-7.3,4.3-14,4.6c-6.8,0.3-12.6,0-20.9-1.5c-11.3-2-33.1-10.1-44.7-5.7\ts-12.1,4.6-18,7.4c-6.6,3.2-20,9.6-36.6,9.3C131.6,23.5,99.5,7.2,86.3,8c-1.4,0.1-6.6,0.8-10.5,2c-3.8,1.2-9.4,3.8-17,4.7\tc-3.2,0.4-8.3,1.1-14.2,0.9c-1.5-0.1-6.3-0.4-12-1.6c-5.7-1.2-11-3.1-15.8-3.7C6.5,9.2,0,10.8,0,10.8V0h283.5V9.7z M260.8,11.3\tc-0.7-1-2-0.4-4.3-0.4c-2.3,0-6.1-1.2-5.8-1.1c0.3,0.1,3.1,1.5,6,1.9C259.7,12.2,261.4,12.3,260.8,11.3z M242.4,8.6\tc0,0-2.4-0.2-5.6-0.9c-3.2-0.8-10.3-2.8-15.1-3.5c-8.2-1.1-15.8,0-15.1,0.1c0.8,0.1,9.6-0.6,17.6,1.1c3.3,0.7,9.3,2.2,12.4,2.7\tC239.9,8.7,242.4,8.6,242.4,8.6z M185.2,8.5c1.7-0.7-13.3,4.7-18.5,6.1c-2.1,0.6-6.2,1.6-10,2c-3.9,0.4-8.9,0.4-8.8,0.5\tc0,0.2,5.8,0.8,11.2,0c5.4-0.8,5.2-1.1,7.6-1.6C170.5,14.7,183.5,9.2,185.2,8.5z M199.1,6.9c0.2,0-0.8-0.4-4.8,1.1\tc-4,1.5-6.7,3.5-6.9,3.7c-0.2,0.1,3.5-1.8,6.6-3C197,7.5,199,6.9,199.1,6.9z M283,6c-0.1,0.1-1.9,1.1-4.8,2.5s-6.9,2.8-6.7,2.7\tc0.2,0,3.5-0.6,7.4-2.5C282.8,6.8,283.1,5.9,283,6z M31.3,11.6c0.1-0.2-1.9-0.2-4.5-1.2s-5.4-1.6-7.8-2C15,7.6,7.3,8.5,7.7,8.6\tC8,8.7,15.9,8.3,20.2,9.3c2.2,0.5,2.4,0.5,5.7,1.6S31.2,11.9,31.3,11.6z M73,9.2c0.4-0.1,3.5-1.6,8.4-2.6c4.9-1.1,8.9-0.5,8.9-0.8\tc0-0.3-1-0.9-6.2-0.3S72.6,9.3,73,9.2z M71.6,6.7C71.8,6.8,75,5.4,77.3,5c2.3-0.3,1.9-0.5,1.9-0.6c0-0.1-1.1-0.2-2.7,0.2\tC74.8,5.1,71.4,6.6,71.6,6.7z M93.6,4.4c0.1,0.2,3.5,0.8,5.6,1.8c2.1,1,1.8,0.6,1.9,0.5c0.1-0.1-0.8-0.8-2.4-1.3\tC97.1,4.8,93.5,4.2,93.6,4.4z M65.4,11.1c-0.1,0.3,0.3,0.5,1.9-0.2s2.6-1.3,2.2-1.2s-0.9,0.4-2.5,0.8C65.3,10.9,65.5,10.8,65.4,11.1\tz M34.5,12.4c-0.2,0,2.1,0.8,3.3,0.9c1.2,0.1,2,0.1,2-0.2c0-0.3-0.1-0.5-1.6-0.4C36.6,12.8,34.7,12.4,34.5,12.4z M152.2,21.1\tc-0.1,0.1-2.4-0.3-7.5-0.3c-5,0-13.6-2.4-17.2-3.5c-3.6-1.1,10,3.9,16.5,4.1C150.5,21.6,152.3,21,152.2,21.1z\"\/>\n\t<path class=\"elementor-shape-fill\" d=\"M269.6,18c-0.1-0.1-4.6,0.3-7.2,0c-7.3-0.7-17-3.2-16.6-2.9c0.4,0.3,13.7,3.1,17,3.3\tC267.7,18.8,269.7,18,269.6,18z\"\/>\n\t<path class=\"elementor-shape-fill\" d=\"M227.4,9.8c-0.2-0.1-4.5-1-9.5-1.2c-5-0.2-12.7,0.6-12.3,0.5c0.3-0.1,5.9-1.8,13.3-1.2\tS227.6,9.9,227.4,9.8z\"\/>\n\t<path class=\"elementor-shape-fill\" d=\"M204.5,13.4c-0.1-0.1,2-1,3.2-1.1c1.2-0.1,2,0,2,0.3c0,0.3-0.1,0.5-1.6,0.4\tC206.4,12.9,204.6,13.5,204.5,13.4z\"\/>\n\t<path class=\"elementor-shape-fill\" d=\"M201,10.6c0-0.1-4.4,1.2-6.3,2.2c-1.9,0.9-6.2,3.1-6.1,3.1c0.1,0.1,4.2-1.6,6.3-2.6\tS201,10.7,201,10.6z\"\/>\n\t<path class=\"elementor-shape-fill\" d=\"M154.5,26.7c-0.1-0.1-4.6,0.3-7.2,0c-7.3-0.7-17-3.2-16.6-2.9c0.4,0.3,13.7,3.1,17,3.3\tC152.6,27.5,154.6,26.8,154.5,26.7z\"\/>\n\t<path class=\"elementor-shape-fill\" d=\"M41.9,19.3c0,0,1.2-0.3,2.9-0.1c1.7,0.2,5.8,0.9,8.2,0.7c4.2-0.4,7.4-2.7,7-2.6\tc-0.4,0-4.3,2.2-8.6,1.9c-1.8-0.1-5.1-0.5-6.7-0.4S41.9,19.3,41.9,19.3z\"\/>\n\t<path class=\"elementor-shape-fill\" d=\"M75.5,12.6c0.2,0.1,2-0.8,4.3-1.1c2.3-0.2,2.1-0.3,2.1-0.5c0-0.1-1.8-0.4-3.4,0\tC76.9,11.5,75.3,12.5,75.5,12.6z\"\/>\n\t<path class=\"elementor-shape-fill\" d=\"M15.6,13.2c0-0.1,4.3,0,6.7,0.5c2.4,0.5,5,1.9,5,2c0,0.1-2.7-0.8-5.1-1.4\tC19.9,13.7,15.7,13.3,15.6,13.2z\"\/>\n<\/svg>\t\t<\/div>\n\t\t\t\t\t<div class=\"elementor-container elementor-column-gap-default\">\n\t\t\t\t\t<div class=\"elementor-column elementor-col-100 elementor-top-column elementor-element elementor-element-e68c562\" data-id=\"e68c562\" data-element_type=\"column\">\n\t\t\t<div class=\"elementor-widget-wrap elementor-element-populated\">\n\t\t\t\t\t\t<div class=\"elementor-element elementor-element-1884b46 elementor-widget elementor-widget-text-editor\" data-id=\"1884b46\" data-element_type=\"widget\" data-widget_type=\"text-editor.default\">\n\t\t\t\t<div class=\"elementor-widget-container\">\n\t\t\t\t\t\t\t\t\t<div class=\"wpb_column vc_column_container vc_col-sm-10\"><div class=\"vc_column-inner\"><div class=\"wpb_wrapper\"><div class=\"custom_font_holder\">It is possible to pay with bank cards in the \u00abRak\u0161i\u00bb cash desk, in the souvenir shop and in the cafe.<\/div><\/div><\/div><\/div><div class=\"wpb_column vc_column_container vc_col-sm-2\"><div class=\"vc_column-inner\">\u00a0<\/div><\/div>\t\t\t\t\t\t\t\t<\/div>\n\t\t\t\t<\/div>\n\t\t\t\t\t<\/div>\n\t\t<\/div>\n\t\t\t\t\t<\/div>\n\t\t<\/section>\n\t\t\t\t<\/div>","protected":false},"excerpt":{"rendered":"<p>\u00abCAMEL CAFE\u00bb \u00abCamel cafe\u00bb \u0113dienkarte Kamie\u013cu parka \u00abRak\u0161i\u00bb kas\u0113, suven\u012bru veikal\u0101 un kafejn\u012bc\u0101 ir iesp\u0113jami nor\u0113\u0137ini ar banku kart\u0113m.\u00a0<\/p>","protected":false},"author":1,"featured_media":0,"parent":0,"menu_order":0,"comment_status":"closed","ping_status":"closed","template":"","meta":{"footnotes":""},"class_list":["post-790","page","type-page","status-publish","hentry"],"yoast_head":"<!-- This site is optimized with the Yoast SEO Premium plugin v27.2 (Yoast SEO v27.3) - https:\/\/yoast.com\/product\/yoast-seo-premium-wordpress\/ -->\n<title>\u00abCamel Cafe\u00bb - Rak\u0161i Zoo<\/title>\n<meta name=\"robots\" content=\"index, follow, max-snippet:-1, max-image-preview:large, max-video-preview:-1\" \/>\n<link rel=\"canonical\" href=\"https:\/\/www.kamieli.lv\/en\/camel-cafe\/\" \/>\n<meta property=\"og:locale\" content=\"en_US\" \/>\n<meta property=\"og:type\" content=\"article\" \/>\n<meta property=\"og:title\" content=\"\u00abCamel Cafe\u00bb\" \/>\n<meta property=\"og:description\" content=\"\u00abCAMEL CAFE\u00bb \u00abCamel cafe\u00bb \u0113dienkarte Kamie\u013cu parka \u00abRak\u0161i\u00bb kas\u0113, suven\u012bru veikal\u0101 un kafejn\u012bc\u0101 ir iesp\u0113jami nor\u0113\u0137ini ar banku kart\u0113m.\u00a0\" \/>\n<meta property=\"og:url\" content=\"https:\/\/www.kamieli.lv\/en\/camel-cafe\/\" \/>\n<meta property=\"og:site_name\" content=\"Rak\u0161i Zoo\" \/>\n<meta property=\"article:modified_time\" content=\"2025-12-09T10:59:55+00:00\" \/>\n<meta property=\"og:image\" content=\"https:\/\/www.kamieli.lv\/wp-content\/uploads\/2025\/03\/Raksi-Camel-Cafe-menu.png\" \/>\n\t<meta property=\"og:image:width\" content=\"2268\" \/>\n\t<meta property=\"og:image:height\" content=\"3213\" \/>\n\t<meta property=\"og:image:type\" content=\"image\/png\" \/>\n<meta name=\"twitter:card\" content=\"summary_large_image\" \/>\n<script type=\"application\/ld+json\" class=\"yoast-schema-graph\">{\"@context\":\"https:\\\/\\\/schema.org\",\"@graph\":[{\"@type\":\"WebPage\",\"@id\":\"https:\\\/\\\/www.kamieli.lv\\\/camel-cafe\\\/\",\"url\":\"https:\\\/\\\/www.kamieli.lv\\\/camel-cafe\\\/\",\"name\":\"\u00abCamel Cafe\u00bb - Rak\u0161i Zoo\",\"isPartOf\":{\"@id\":\"https:\\\/\\\/www.kamieli.lv\\\/#website\"},\"primaryImageOfPage\":{\"@id\":\"https:\\\/\\\/www.kamieli.lv\\\/camel-cafe\\\/#primaryimage\"},\"image\":{\"@id\":\"https:\\\/\\\/www.kamieli.lv\\\/camel-cafe\\\/#primaryimage\"},\"thumbnailUrl\":\"https:\\\/\\\/www.kamieli.lv\\\/wp-content\\\/uploads\\\/2025\\\/03\\\/Raksi-Camel-Cafe-menu-723x1024.png\",\"datePublished\":\"2021-03-29T13:21:03+00:00\",\"dateModified\":\"2025-12-09T10:59:55+00:00\",\"breadcrumb\":{\"@id\":\"https:\\\/\\\/www.kamieli.lv\\\/camel-cafe\\\/#breadcrumb\"},\"inLanguage\":\"en-US\",\"potentialAction\":[{\"@type\":\"ReadAction\",\"target\":[\"https:\\\/\\\/www.kamieli.lv\\\/camel-cafe\\\/\"]}]},{\"@type\":\"ImageObject\",\"inLanguage\":\"en-US\",\"@id\":\"https:\\\/\\\/www.kamieli.lv\\\/camel-cafe\\\/#primaryimage\",\"url\":\"https:\\\/\\\/www.kamieli.lv\\\/wp-content\\\/uploads\\\/2025\\\/03\\\/Raksi-Camel-Cafe-menu-723x1024.png\",\"contentUrl\":\"https:\\\/\\\/www.kamieli.lv\\\/wp-content\\\/uploads\\\/2025\\\/03\\\/Raksi-Camel-Cafe-menu-723x1024.png\"},{\"@type\":\"BreadcrumbList\",\"@id\":\"https:\\\/\\\/www.kamieli.lv\\\/camel-cafe\\\/#breadcrumb\",\"itemListElement\":[{\"@type\":\"ListItem\",\"position\":1,\"name\":\"Home\",\"item\":\"https:\\\/\\\/www.kamieli.lv\\\/\"},{\"@type\":\"ListItem\",\"position\":2,\"name\":\"\u00abCamel Cafe\u00bb\"}]},{\"@type\":\"WebSite\",\"@id\":\"https:\\\/\\\/www.kamieli.lv\\\/#website\",\"url\":\"https:\\\/\\\/www.kamieli.lv\\\/\",\"name\":\"Rak\u0161i Zoo\",\"description\":\"\u201eRak\u0161i\u201d br\u012bvdabas ZOO var redz\u0113t gandr\u012bz 200 dz\u012bvniekus\",\"publisher\":{\"@id\":\"https:\\\/\\\/www.kamieli.lv\\\/#organization\"},\"potentialAction\":[{\"@type\":\"SearchAction\",\"target\":{\"@type\":\"EntryPoint\",\"urlTemplate\":\"https:\\\/\\\/www.kamieli.lv\\\/?s={search_term_string}\"},\"query-input\":{\"@type\":\"PropertyValueSpecification\",\"valueRequired\":true,\"valueName\":\"search_term_string\"}}],\"inLanguage\":\"en-US\"},{\"@type\":\"Organization\",\"@id\":\"https:\\\/\\\/www.kamieli.lv\\\/#organization\",\"name\":\"Rak\u0161i Zoo\",\"url\":\"https:\\\/\\\/www.kamieli.lv\\\/\",\"logo\":{\"@type\":\"ImageObject\",\"inLanguage\":\"en-US\",\"@id\":\"https:\\\/\\\/www.kamieli.lv\\\/#\\\/schema\\\/logo\\\/image\\\/\",\"url\":\"https:\\\/\\\/www.kamieli.lv\\\/wp-content\\\/uploads\\\/2021\\\/03\\\/logo-raksi-2.png\",\"contentUrl\":\"https:\\\/\\\/www.kamieli.lv\\\/wp-content\\\/uploads\\\/2021\\\/03\\\/logo-raksi-2.png\",\"width\":89,\"height\":50,\"caption\":\"Rak\u0161i Zoo\"},\"image\":{\"@id\":\"https:\\\/\\\/www.kamieli.lv\\\/#\\\/schema\\\/logo\\\/image\\\/\"}}]}<\/script>\n<!-- \/ Yoast SEO Premium plugin. -->","yoast_head_json":{"title":"\u00abCamel Cafe\u00bb - Rak\u0161i Zoo","robots":{"index":"index","follow":"follow","max-snippet":"max-snippet:-1","max-image-preview":"max-image-preview:large","max-video-preview":"max-video-preview:-1"},"canonical":"https:\/\/www.kamieli.lv\/en\/camel-cafe\/","og_locale":"en_US","og_type":"article","og_title":"\u00abCamel Cafe\u00bb","og_description":"\u00abCAMEL CAFE\u00bb \u00abCamel cafe\u00bb \u0113dienkarte Kamie\u013cu parka \u00abRak\u0161i\u00bb kas\u0113, suven\u012bru veikal\u0101 un kafejn\u012bc\u0101 ir iesp\u0113jami nor\u0113\u0137ini ar banku kart\u0113m.\u00a0","og_url":"https:\/\/www.kamieli.lv\/en\/camel-cafe\/","og_site_name":"Rak\u0161i Zoo","article_modified_time":"2025-12-09T10:59:55+00:00","og_image":[{"width":2268,"height":3213,"url":"https:\/\/www.kamieli.lv\/wp-content\/uploads\/2025\/03\/Raksi-Camel-Cafe-menu.png","type":"image\/png"}],"twitter_card":"summary_large_image","schema":{"@context":"https:\/\/schema.org","@graph":[{"@type":"WebPage","@id":"https:\/\/www.kamieli.lv\/camel-cafe\/","url":"https:\/\/www.kamieli.lv\/camel-cafe\/","name":"\u00abCamel Cafe\u00bb - Rak\u0161i Zoo","isPartOf":{"@id":"https:\/\/www.kamieli.lv\/#website"},"primaryImageOfPage":{"@id":"https:\/\/www.kamieli.lv\/camel-cafe\/#primaryimage"},"image":{"@id":"https:\/\/www.kamieli.lv\/camel-cafe\/#primaryimage"},"thumbnailUrl":"https:\/\/www.kamieli.lv\/wp-content\/uploads\/2025\/03\/Raksi-Camel-Cafe-menu-723x1024.png","datePublished":"2021-03-29T13:21:03+00:00","dateModified":"2025-12-09T10:59:55+00:00","breadcrumb":{"@id":"https:\/\/www.kamieli.lv\/camel-cafe\/#breadcrumb"},"inLanguage":"en-US","potentialAction":[{"@type":"ReadAction","target":["https:\/\/www.kamieli.lv\/camel-cafe\/"]}]},{"@type":"ImageObject","inLanguage":"en-US","@id":"https:\/\/www.kamieli.lv\/camel-cafe\/#primaryimage","url":"https:\/\/www.kamieli.lv\/wp-content\/uploads\/2025\/03\/Raksi-Camel-Cafe-menu-723x1024.png","contentUrl":"https:\/\/www.kamieli.lv\/wp-content\/uploads\/2025\/03\/Raksi-Camel-Cafe-menu-723x1024.png"},{"@type":"BreadcrumbList","@id":"https:\/\/www.kamieli.lv\/camel-cafe\/#breadcrumb","itemListElement":[{"@type":"ListItem","position":1,"name":"Home","item":"https:\/\/www.kamieli.lv\/"},{"@type":"ListItem","position":2,"name":"\u00abCamel Cafe\u00bb"}]},{"@type":"WebSite","@id":"https:\/\/www.kamieli.lv\/#website","url":"https:\/\/www.kamieli.lv\/","name":"Rak\u0161i Zoo","description":"\u201eRak\u0161i\u201d br\u012bvdabas ZOO var redz\u0113t gandr\u012bz 200 dz\u012bvniekus","publisher":{"@id":"https:\/\/www.kamieli.lv\/#organization"},"potentialAction":[{"@type":"SearchAction","target":{"@type":"EntryPoint","urlTemplate":"https:\/\/www.kamieli.lv\/?s={search_term_string}"},"query-input":{"@type":"PropertyValueSpecification","valueRequired":true,"valueName":"search_term_string"}}],"inLanguage":"en-US"},{"@type":"Organization","@id":"https:\/\/www.kamieli.lv\/#organization","name":"Rak\u0161i Zoo","url":"https:\/\/www.kamieli.lv\/","logo":{"@type":"ImageObject","inLanguage":"en-US","@id":"https:\/\/www.kamieli.lv\/#\/schema\/logo\/image\/","url":"https:\/\/www.kamieli.lv\/wp-content\/uploads\/2021\/03\/logo-raksi-2.png","contentUrl":"https:\/\/www.kamieli.lv\/wp-content\/uploads\/2021\/03\/logo-raksi-2.png","width":89,"height":50,"caption":"Rak\u0161i Zoo"},"image":{"@id":"https:\/\/www.kamieli.lv\/#\/schema\/logo\/image\/"}}]}},"_links":{"self":[{"href":"https:\/\/www.kamieli.lv\/en\/wp-json\/wp\/v2\/pages\/790","targetHints":{"allow":["GET"]}}],"collection":[{"href":"https:\/\/www.kamieli.lv\/en\/wp-json\/wp\/v2\/pages"}],"about":[{"href":"https:\/\/www.kamieli.lv\/en\/wp-json\/wp\/v2\/types\/page"}],"author":[{"embeddable":true,"href":"https:\/\/www.kamieli.lv\/en\/wp-json\/wp\/v2\/users\/1"}],"replies":[{"embeddable":true,"href":"https:\/\/www.kamieli.lv\/en\/wp-json\/wp\/v2\/comments?post=790"}],"version-history":[{"count":0,"href":"https:\/\/www.kamieli.lv\/en\/wp-json\/wp\/v2\/pages\/790\/revisions"}],"wp:attachment":[{"href":"https:\/\/www.kamieli.lv\/en\/wp-json\/wp\/v2\/media?parent=790"}],"curies":[{"name":"wp","href":"https:\/\/api.w.org\/{rel}","templated":true}]}}