{"id":8794,"date":"2023-03-29T13:55:20","date_gmt":"2023-03-29T13:55:20","guid":{"rendered":"https:\/\/www.kamieli.lv\/?page_id=8794"},"modified":"2023-03-29T14:05:16","modified_gmt":"2023-03-29T14:05:16","slug":"lemuri","status":"publish","type":"page","link":"https:\/\/www.kamieli.lv\/en\/lemuri\/","title":{"rendered":"Lemurs"},"content":{"rendered":"<div data-elementor-type=\"wp-page\" data-elementor-id=\"8794\" class=\"elementor elementor-8794\" data-elementor-post-type=\"page\">\n\t\t\t\t\t\t<section class=\"elementor-section elementor-top-section elementor-element elementor-element-61b04340 elementor-section-full_width elementor-section-height-min-height elementor-section-height-default elementor-section-items-middle\" data-id=\"61b04340\" data-element_type=\"section\" data-settings=\"{&quot;background_background&quot;:&quot;classic&quot;,&quot;shape_divider_bottom&quot;:&quot;wave-brush&quot;}\">\n\t\t\t\t\t\t\t<div class=\"elementor-background-overlay\"><\/div>\n\t\t\t\t\t\t<div class=\"elementor-shape elementor-shape-bottom\" aria-hidden=\"true\" data-negative=\"false\">\n\t\t\t<svg xmlns=\"http:\/\/www.w3.org\/2000\/svg\" viewbox=\"0 0 283.5 27.8\" preserveaspectratio=\"none\">\n\t<path class=\"elementor-shape-fill\" d=\"M283.5,9.7c0,0-7.3,4.3-14,4.6c-6.8,0.3-12.6,0-20.9-1.5c-11.3-2-33.1-10.1-44.7-5.7\ts-12.1,4.6-18,7.4c-6.6,3.2-20,9.6-36.6,9.3C131.6,23.5,99.5,7.2,86.3,8c-1.4,0.1-6.6,0.8-10.5,2c-3.8,1.2-9.4,3.8-17,4.7\tc-3.2,0.4-8.3,1.1-14.2,0.9c-1.5-0.1-6.3-0.4-12-1.6c-5.7-1.2-11-3.1-15.8-3.7C6.5,9.2,0,10.8,0,10.8V0h283.5V9.7z M260.8,11.3\tc-0.7-1-2-0.4-4.3-0.4c-2.3,0-6.1-1.2-5.8-1.1c0.3,0.1,3.1,1.5,6,1.9C259.7,12.2,261.4,12.3,260.8,11.3z M242.4,8.6\tc0,0-2.4-0.2-5.6-0.9c-3.2-0.8-10.3-2.8-15.1-3.5c-8.2-1.1-15.8,0-15.1,0.1c0.8,0.1,9.6-0.6,17.6,1.1c3.3,0.7,9.3,2.2,12.4,2.7\tC239.9,8.7,242.4,8.6,242.4,8.6z M185.2,8.5c1.7-0.7-13.3,4.7-18.5,6.1c-2.1,0.6-6.2,1.6-10,2c-3.9,0.4-8.9,0.4-8.8,0.5\tc0,0.2,5.8,0.8,11.2,0c5.4-0.8,5.2-1.1,7.6-1.6C170.5,14.7,183.5,9.2,185.2,8.5z M199.1,6.9c0.2,0-0.8-0.4-4.8,1.1\tc-4,1.5-6.7,3.5-6.9,3.7c-0.2,0.1,3.5-1.8,6.6-3C197,7.5,199,6.9,199.1,6.9z M283,6c-0.1,0.1-1.9,1.1-4.8,2.5s-6.9,2.8-6.7,2.7\tc0.2,0,3.5-0.6,7.4-2.5C282.8,6.8,283.1,5.9,283,6z M31.3,11.6c0.1-0.2-1.9-0.2-4.5-1.2s-5.4-1.6-7.8-2C15,7.6,7.3,8.5,7.7,8.6\tC8,8.7,15.9,8.3,20.2,9.3c2.2,0.5,2.4,0.5,5.7,1.6S31.2,11.9,31.3,11.6z M73,9.2c0.4-0.1,3.5-1.6,8.4-2.6c4.9-1.1,8.9-0.5,8.9-0.8\tc0-0.3-1-0.9-6.2-0.3S72.6,9.3,73,9.2z M71.6,6.7C71.8,6.8,75,5.4,77.3,5c2.3-0.3,1.9-0.5,1.9-0.6c0-0.1-1.1-0.2-2.7,0.2\tC74.8,5.1,71.4,6.6,71.6,6.7z M93.6,4.4c0.1,0.2,3.5,0.8,5.6,1.8c2.1,1,1.8,0.6,1.9,0.5c0.1-0.1-0.8-0.8-2.4-1.3\tC97.1,4.8,93.5,4.2,93.6,4.4z M65.4,11.1c-0.1,0.3,0.3,0.5,1.9-0.2s2.6-1.3,2.2-1.2s-0.9,0.4-2.5,0.8C65.3,10.9,65.5,10.8,65.4,11.1\tz M34.5,12.4c-0.2,0,2.1,0.8,3.3,0.9c1.2,0.1,2,0.1,2-0.2c0-0.3-0.1-0.5-1.6-0.4C36.6,12.8,34.7,12.4,34.5,12.4z M152.2,21.1\tc-0.1,0.1-2.4-0.3-7.5-0.3c-5,0-13.6-2.4-17.2-3.5c-3.6-1.1,10,3.9,16.5,4.1C150.5,21.6,152.3,21,152.2,21.1z\"\/>\n\t<path class=\"elementor-shape-fill\" d=\"M269.6,18c-0.1-0.1-4.6,0.3-7.2,0c-7.3-0.7-17-3.2-16.6-2.9c0.4,0.3,13.7,3.1,17,3.3\tC267.7,18.8,269.7,18,269.6,18z\"\/>\n\t<path class=\"elementor-shape-fill\" d=\"M227.4,9.8c-0.2-0.1-4.5-1-9.5-1.2c-5-0.2-12.7,0.6-12.3,0.5c0.3-0.1,5.9-1.8,13.3-1.2\tS227.6,9.9,227.4,9.8z\"\/>\n\t<path class=\"elementor-shape-fill\" d=\"M204.5,13.4c-0.1-0.1,2-1,3.2-1.1c1.2-0.1,2,0,2,0.3c0,0.3-0.1,0.5-1.6,0.4\tC206.4,12.9,204.6,13.5,204.5,13.4z\"\/>\n\t<path class=\"elementor-shape-fill\" d=\"M201,10.6c0-0.1-4.4,1.2-6.3,2.2c-1.9,0.9-6.2,3.1-6.1,3.1c0.1,0.1,4.2-1.6,6.3-2.6\tS201,10.7,201,10.6z\"\/>\n\t<path class=\"elementor-shape-fill\" d=\"M154.5,26.7c-0.1-0.1-4.6,0.3-7.2,0c-7.3-0.7-17-3.2-16.6-2.9c0.4,0.3,13.7,3.1,17,3.3\tC152.6,27.5,154.6,26.8,154.5,26.7z\"\/>\n\t<path class=\"elementor-shape-fill\" d=\"M41.9,19.3c0,0,1.2-0.3,2.9-0.1c1.7,0.2,5.8,0.9,8.2,0.7c4.2-0.4,7.4-2.7,7-2.6\tc-0.4,0-4.3,2.2-8.6,1.9c-1.8-0.1-5.1-0.5-6.7-0.4S41.9,19.3,41.9,19.3z\"\/>\n\t<path class=\"elementor-shape-fill\" d=\"M75.5,12.6c0.2,0.1,2-0.8,4.3-1.1c2.3-0.2,2.1-0.3,2.1-0.5c0-0.1-1.8-0.4-3.4,0\tC76.9,11.5,75.3,12.5,75.5,12.6z\"\/>\n\t<path class=\"elementor-shape-fill\" d=\"M15.6,13.2c0-0.1,4.3,0,6.7,0.5c2.4,0.5,5,1.9,5,2c0,0.1-2.7-0.8-5.1-1.4\tC19.9,13.7,15.7,13.3,15.6,13.2z\"\/>\n<\/svg>\t\t<\/div>\n\t\t\t\t\t<div class=\"elementor-container elementor-column-gap-default\">\n\t\t\t\t\t<div class=\"elementor-column elementor-col-100 elementor-top-column elementor-element elementor-element-3475cd21\" data-id=\"3475cd21\" data-element_type=\"column\">\n\t\t\t<div class=\"elementor-widget-wrap elementor-element-populated\">\n\t\t\t\t\t\t<div class=\"elementor-element elementor-element-64610116 elementor-invisible elementor-widget elementor-widget-heading\" data-id=\"64610116\" data-element_type=\"widget\" data-settings=\"{&quot;_animation&quot;:&quot;zoomIn&quot;}\" data-widget_type=\"heading.default\">\n\t\t\t\t<div class=\"elementor-widget-container\">\n\t\t\t\t\t<h2 class=\"elementor-heading-title elementor-size-default\">KA\u0136U LEMURS  (Lemur katta)<\/h2>\t\t\t\t<\/div>\n\t\t\t\t<\/div>\n\t\t\t\t\t<\/div>\n\t\t<\/div>\n\t\t\t\t\t<\/div>\n\t\t<\/section>\n\t\t\t\t<section class=\"elementor-section elementor-top-section elementor-element elementor-element-6fe86284 elementor-section-boxed elementor-section-height-default elementor-section-height-default\" data-id=\"6fe86284\" data-element_type=\"section\" data-settings=\"{&quot;background_background&quot;:&quot;classic&quot;}\">\n\t\t\t\t\t\t<div class=\"elementor-container elementor-column-gap-default\">\n\t\t\t\t\t<div class=\"elementor-column elementor-col-100 elementor-top-column elementor-element elementor-element-7138da2c\" data-id=\"7138da2c\" data-element_type=\"column\" data-settings=\"{&quot;background_background&quot;:&quot;gradient&quot;}\">\n\t\t\t<div class=\"elementor-widget-wrap elementor-element-populated\">\n\t\t\t\t\t\t<div class=\"elementor-element elementor-element-6cd9ae57 elementor-widget elementor-widget-text-editor\" data-id=\"6cd9ae57\" data-element_type=\"widget\" data-widget_type=\"text-editor.default\">\n\t\t\t\t<div class=\"elementor-widget-container\">\n\t\t\t\t\t\t\t\t\t<p>Slapjdeguna p\u0113rti\u0137u apak\u0161k\u0101rtas pusp\u0113rti\u0137is.<\/p><p>Rak\u0161os: kop\u0161 2022.gada, ievesti no D\u0101nijas<\/p><p>\u00a0<\/p><p>Svars: 2-3,5 kg<\/p><p>Augums: 39 \u2014 46 cm, astes garums \u2013 l\u012bdz 64 cm<\/p><p>Dz\u012bves ilgums: 16\u201419, nebr\u012bv\u0113 &#8211; 33<\/p><p>Gr\u016btniec\u012bba: 4,5 m\u0113ne\u0161i<\/p><p>Di\u0113ta: vis\u0113d\u0101js<\/p>\t\t\t\t\t\t\t\t<\/div>\n\t\t\t\t<\/div>\n\t\t\t\t\t<\/div>\n\t\t<\/div>\n\t\t\t\t\t<\/div>\n\t\t<\/section>\n\t\t\t\t<section class=\"elementor-section elementor-top-section elementor-element elementor-element-408f14e1 elementor-section-boxed elementor-section-height-default elementor-section-height-default\" data-id=\"408f14e1\" data-element_type=\"section\" data-settings=\"{&quot;background_background&quot;:&quot;classic&quot;}\">\n\t\t\t\t\t\t<div class=\"elementor-container elementor-column-gap-default\">\n\t\t\t\t\t<div class=\"elementor-column elementor-col-50 elementor-top-column elementor-element elementor-element-3b1cdb9a\" data-id=\"3b1cdb9a\" data-element_type=\"column\" data-settings=\"{&quot;background_background&quot;:&quot;gradient&quot;}\">\n\t\t\t<div class=\"elementor-widget-wrap elementor-element-populated\">\n\t\t\t\t\t\t<div class=\"elementor-element elementor-element-16d459b3 elementor-widget elementor-widget-text-editor\" data-id=\"16d459b3\" data-element_type=\"widget\" data-widget_type=\"text-editor.default\">\n\t\t\t\t<div class=\"elementor-widget-container\">\n\t\t\t\t\t\t\t\t\t<p><strong>Distribution<\/strong><\/p><p>Dab\u0101: tikai Madagaskaras salas D, DR da\u013c\u0101 &#8211; sausos jauktajos un mitros kalnu me\u017eos, savann\u0101s, eiforbiju kr\u016bm\u0101jos, galeriju me\u017eos<\/p>\t\t\t\t\t\t\t\t<\/div>\n\t\t\t\t<\/div>\n\t\t\t\t\t<\/div>\n\t\t<\/div>\n\t\t\t\t<div class=\"elementor-column elementor-col-50 elementor-top-column elementor-element elementor-element-7c367560\" data-id=\"7c367560\" data-element_type=\"column\" data-settings=\"{&quot;background_background&quot;:&quot;gradient&quot;}\">\n\t\t\t<div class=\"elementor-widget-wrap elementor-element-populated\">\n\t\t\t\t\t\t<div class=\"elementor-element elementor-element-73f89389 elementor-widget elementor-widget-text-editor\" data-id=\"73f89389\" data-element_type=\"widget\" data-widget_type=\"text-editor.default\">\n\t\t\t\t<div class=\"elementor-widget-container\">\n\t\t\t\t\t\t\t\t\t<p><strong>APDRAUD\u0112JUMS<\/strong><\/p><p>Iek\u013cauts Pasaules Sarkanaj\u0101 gr\u0101mat\u0101, kop\u0161 2014. gad\u0101 suga atz\u012bta par nopietni apdraud\u0113tu.<\/p>\t\t\t\t\t\t\t\t<\/div>\n\t\t\t\t<\/div>\n\t\t\t\t\t<\/div>\n\t\t<\/div>\n\t\t\t\t\t<\/div>\n\t\t<\/section>\n\t\t\t\t<section class=\"elementor-section elementor-top-section elementor-element elementor-element-327f97e2 elementor-section-boxed elementor-section-height-default elementor-section-height-default\" data-id=\"327f97e2\" data-element_type=\"section\" data-settings=\"{&quot;background_background&quot;:&quot;classic&quot;,&quot;shape_divider_bottom&quot;:&quot;wave-brush&quot;}\">\n\t\t\t\t\t<div class=\"elementor-shape elementor-shape-bottom\" aria-hidden=\"true\" data-negative=\"false\">\n\t\t\t<svg xmlns=\"http:\/\/www.w3.org\/2000\/svg\" viewbox=\"0 0 283.5 27.8\" preserveaspectratio=\"none\">\n\t<path class=\"elementor-shape-fill\" d=\"M283.5,9.7c0,0-7.3,4.3-14,4.6c-6.8,0.3-12.6,0-20.9-1.5c-11.3-2-33.1-10.1-44.7-5.7\ts-12.1,4.6-18,7.4c-6.6,3.2-20,9.6-36.6,9.3C131.6,23.5,99.5,7.2,86.3,8c-1.4,0.1-6.6,0.8-10.5,2c-3.8,1.2-9.4,3.8-17,4.7\tc-3.2,0.4-8.3,1.1-14.2,0.9c-1.5-0.1-6.3-0.4-12-1.6c-5.7-1.2-11-3.1-15.8-3.7C6.5,9.2,0,10.8,0,10.8V0h283.5V9.7z M260.8,11.3\tc-0.7-1-2-0.4-4.3-0.4c-2.3,0-6.1-1.2-5.8-1.1c0.3,0.1,3.1,1.5,6,1.9C259.7,12.2,261.4,12.3,260.8,11.3z M242.4,8.6\tc0,0-2.4-0.2-5.6-0.9c-3.2-0.8-10.3-2.8-15.1-3.5c-8.2-1.1-15.8,0-15.1,0.1c0.8,0.1,9.6-0.6,17.6,1.1c3.3,0.7,9.3,2.2,12.4,2.7\tC239.9,8.7,242.4,8.6,242.4,8.6z M185.2,8.5c1.7-0.7-13.3,4.7-18.5,6.1c-2.1,0.6-6.2,1.6-10,2c-3.9,0.4-8.9,0.4-8.8,0.5\tc0,0.2,5.8,0.8,11.2,0c5.4-0.8,5.2-1.1,7.6-1.6C170.5,14.7,183.5,9.2,185.2,8.5z M199.1,6.9c0.2,0-0.8-0.4-4.8,1.1\tc-4,1.5-6.7,3.5-6.9,3.7c-0.2,0.1,3.5-1.8,6.6-3C197,7.5,199,6.9,199.1,6.9z M283,6c-0.1,0.1-1.9,1.1-4.8,2.5s-6.9,2.8-6.7,2.7\tc0.2,0,3.5-0.6,7.4-2.5C282.8,6.8,283.1,5.9,283,6z M31.3,11.6c0.1-0.2-1.9-0.2-4.5-1.2s-5.4-1.6-7.8-2C15,7.6,7.3,8.5,7.7,8.6\tC8,8.7,15.9,8.3,20.2,9.3c2.2,0.5,2.4,0.5,5.7,1.6S31.2,11.9,31.3,11.6z M73,9.2c0.4-0.1,3.5-1.6,8.4-2.6c4.9-1.1,8.9-0.5,8.9-0.8\tc0-0.3-1-0.9-6.2-0.3S72.6,9.3,73,9.2z M71.6,6.7C71.8,6.8,75,5.4,77.3,5c2.3-0.3,1.9-0.5,1.9-0.6c0-0.1-1.1-0.2-2.7,0.2\tC74.8,5.1,71.4,6.6,71.6,6.7z M93.6,4.4c0.1,0.2,3.5,0.8,5.6,1.8c2.1,1,1.8,0.6,1.9,0.5c0.1-0.1-0.8-0.8-2.4-1.3\tC97.1,4.8,93.5,4.2,93.6,4.4z M65.4,11.1c-0.1,0.3,0.3,0.5,1.9-0.2s2.6-1.3,2.2-1.2s-0.9,0.4-2.5,0.8C65.3,10.9,65.5,10.8,65.4,11.1\tz M34.5,12.4c-0.2,0,2.1,0.8,3.3,0.9c1.2,0.1,2,0.1,2-0.2c0-0.3-0.1-0.5-1.6-0.4C36.6,12.8,34.7,12.4,34.5,12.4z M152.2,21.1\tc-0.1,0.1-2.4-0.3-7.5-0.3c-5,0-13.6-2.4-17.2-3.5c-3.6-1.1,10,3.9,16.5,4.1C150.5,21.6,152.3,21,152.2,21.1z\"\/>\n\t<path class=\"elementor-shape-fill\" d=\"M269.6,18c-0.1-0.1-4.6,0.3-7.2,0c-7.3-0.7-17-3.2-16.6-2.9c0.4,0.3,13.7,3.1,17,3.3\tC267.7,18.8,269.7,18,269.6,18z\"\/>\n\t<path class=\"elementor-shape-fill\" d=\"M227.4,9.8c-0.2-0.1-4.5-1-9.5-1.2c-5-0.2-12.7,0.6-12.3,0.5c0.3-0.1,5.9-1.8,13.3-1.2\tS227.6,9.9,227.4,9.8z\"\/>\n\t<path class=\"elementor-shape-fill\" d=\"M204.5,13.4c-0.1-0.1,2-1,3.2-1.1c1.2-0.1,2,0,2,0.3c0,0.3-0.1,0.5-1.6,0.4\tC206.4,12.9,204.6,13.5,204.5,13.4z\"\/>\n\t<path class=\"elementor-shape-fill\" d=\"M201,10.6c0-0.1-4.4,1.2-6.3,2.2c-1.9,0.9-6.2,3.1-6.1,3.1c0.1,0.1,4.2-1.6,6.3-2.6\tS201,10.7,201,10.6z\"\/>\n\t<path class=\"elementor-shape-fill\" d=\"M154.5,26.7c-0.1-0.1-4.6,0.3-7.2,0c-7.3-0.7-17-3.2-16.6-2.9c0.4,0.3,13.7,3.1,17,3.3\tC152.6,27.5,154.6,26.8,154.5,26.7z\"\/>\n\t<path class=\"elementor-shape-fill\" d=\"M41.9,19.3c0,0,1.2-0.3,2.9-0.1c1.7,0.2,5.8,0.9,8.2,0.7c4.2-0.4,7.4-2.7,7-2.6\tc-0.4,0-4.3,2.2-8.6,1.9c-1.8-0.1-5.1-0.5-6.7-0.4S41.9,19.3,41.9,19.3z\"\/>\n\t<path class=\"elementor-shape-fill\" d=\"M75.5,12.6c0.2,0.1,2-0.8,4.3-1.1c2.3-0.2,2.1-0.3,2.1-0.5c0-0.1-1.8-0.4-3.4,0\tC76.9,11.5,75.3,12.5,75.5,12.6z\"\/>\n\t<path class=\"elementor-shape-fill\" d=\"M15.6,13.2c0-0.1,4.3,0,6.7,0.5c2.4,0.5,5,1.9,5,2c0,0.1-2.7-0.8-5.1-1.4\tC19.9,13.7,15.7,13.3,15.6,13.2z\"\/>\n<\/svg>\t\t<\/div>\n\t\t\t\t\t<div class=\"elementor-container elementor-column-gap-default\">\n\t\t\t\t\t<div class=\"elementor-column elementor-col-50 elementor-top-column elementor-element elementor-element-520c3271\" data-id=\"520c3271\" data-element_type=\"column\" data-settings=\"{&quot;background_background&quot;:&quot;gradient&quot;}\">\n\t\t\t<div class=\"elementor-widget-wrap elementor-element-populated\">\n\t\t\t\t\t\t<div class=\"elementor-element elementor-element-63a23d03 elementor-widget elementor-widget-text-editor\" data-id=\"63a23d03\" data-element_type=\"widget\" data-widget_type=\"text-editor.default\">\n\t\t\t\t<div class=\"elementor-widget-container\">\n\t\t\t\t\t\t\t\t\t<p><strong>IN THE WORLD<\/strong><\/p><p>*Br\u012bv\u0101 dab\u0101 m\u012bt vairs tikai <strong>~<\/strong> <strong>2000-2400 ka\u0137u lemuru<\/strong> \u2013 par 95% maz\u0101k nek\u0101 v\u0113l 2000.gad\u0101.<\/p><p>*\u0160obr\u012bd zood\u0101rzos vis\u0101 pasaul\u0113 ir vair\u0101k \u0161o lemuru, nek\u0101 palicis savva\u013c\u0101.<\/p><p>*Savva\u013c\u0101 pieaugu\u0161u lemuru vecumu sasniedz tikai katrs tre\u0161ais.<\/p><p>*Ka\u0137u lemurus med\u012b gan p\u0101rtikai, gan p\u0101rdo\u0161anai k\u0101 eksotiskus zv\u0113ri\u0146us.<\/p><p>*Sugai kait\u0113 ar\u012b me\u017eu izcir\u0161ana, bie\u017eie sausuma periodi.<\/p><p>*Sugu popul\u0101ru padar\u012bja pasaulslavenas anim\u0101cijas filmas.<\/p>\t\t\t\t\t\t\t\t<\/div>\n\t\t\t\t<\/div>\n\t\t\t\t\t<\/div>\n\t\t<\/div>\n\t\t\t\t<div class=\"elementor-column elementor-col-50 elementor-top-column elementor-element elementor-element-8ac19a6\" data-id=\"8ac19a6\" data-element_type=\"column\" data-settings=\"{&quot;background_background&quot;:&quot;gradient&quot;}\">\n\t\t\t<div class=\"elementor-widget-wrap elementor-element-populated\">\n\t\t\t\t\t\t<div class=\"elementor-element elementor-element-58437475 elementor-widget elementor-widget-text-editor\" data-id=\"58437475\" data-element_type=\"widget\" data-widget_type=\"text-editor.default\">\n\t\t\t\t<div class=\"elementor-widget-container\">\n\t\t\t\t\t\t\t\t\t<p>FAKTI PAR KA\u0136U LEMURIEM<\/p><p>* Karalis D\u017eulians no \u201eMadagaskara\u201d ir tie\u0161i ka\u0137u lemurs &#8211; vi\u0146a slaven\u0101k\u0101 fr\u0101ze ir \u201eI Like to Move It Move It\u201d<\/p><p>*Iez\u012bm\u0113 teritoriju ar smirddziedzera pal\u012bdz\u012bbu.<\/p><p>* T\u0113vi\u0146i sacen\u0161as &#8220;smaku turn\u012bros&#8221; \u2013 ieber\u017e ast\u0113s savu smirddziedzeru sekr\u0113tu un vicina pretinieka priek\u0161\u0101<\/p><p>*Dz\u012bvo grup\u0101s no 3\u201330 dz\u012bvniekiem.<\/p><p>* Lai no r\u012btiem sasild\u012btos, nometas sau\u013coties smiekl\u012bg\u0101s poz\u0101s<\/p><p>* Grup\u0101s domin\u0113jo\u0161\u0101s ir m\u0101t\u012btes<\/p><p>* M\u0101t\u012bt\u0113m ir divi p\u0101ri piena dziedzeru, bet tikai viens p\u0101ris ir funkcion\u0101ls<\/p><p>*Lemuru grup\u0101s ir \u201eaukles\u201d, kas pieskata savus un citu b\u0113rnus<\/p><p>*Atg\u0101dina ka\u0137i, sazin\u0101s murr\u0101jo\u0161\u0101s bals\u012bs<\/p>\t\t\t\t\t\t\t\t<\/div>\n\t\t\t\t<\/div>\n\t\t\t\t\t<\/div>\n\t\t<\/div>\n\t\t\t\t\t<\/div>\n\t\t<\/section>\n\t\t\t\t<\/div>","protected":false},"excerpt":{"rendered":"<p>KA\u0136U LEMURS (Lemur katta) Slapjdeguna p\u0113rti\u0137u apak\u0161k\u0101rtas pusp\u0113rti\u0137is. Rak\u0161os: kop\u0161 2022.gada, ievesti no D\u0101nijas Svars: 2-3,5 kg Augums: 39 \u2014 46 cm, astes garums \u2013 l\u012bdz 64 cm Dz\u012bves ilgums: 16\u201419, nebr\u012bv\u0113 &#8211; 33 Gr\u016btniec\u012bba: 4,5 m\u0113ne\u0161i Di\u0113ta: vis\u0113d\u0101js IZPLAT\u012aBA Dab\u0101: tikai Madagaskaras salas D, DR da\u013c\u0101 &#8211; sausos jauktajos un mitros kalnu me\u017eos, savann\u0101s, [&hellip;]<\/p>","protected":false},"author":1,"featured_media":0,"parent":0,"menu_order":0,"comment_status":"closed","ping_status":"closed","template":"","meta":{"footnotes":""},"class_list":["post-8794","page","type-page","status-publish","hentry"],"yoast_head":"<!-- This site is optimized with the Yoast SEO Premium plugin v27.2 (Yoast SEO v27.3) - https:\/\/yoast.com\/product\/yoast-seo-premium-wordpress\/ -->\n<title>Lemurs - Rak\u0161i Zoo<\/title>\n<meta name=\"robots\" content=\"index, follow, max-snippet:-1, max-image-preview:large, max-video-preview:-1\" \/>\n<link rel=\"canonical\" href=\"https:\/\/www.kamieli.lv\/en\/lemuri\/\" \/>\n<meta property=\"og:locale\" content=\"en_US\" \/>\n<meta property=\"og:type\" content=\"article\" \/>\n<meta property=\"og:title\" content=\"Lemurs\" \/>\n<meta property=\"og:description\" content=\"KA\u0136U LEMURS (Lemur katta) Slapjdeguna p\u0113rti\u0137u apak\u0161k\u0101rtas pusp\u0113rti\u0137is. Rak\u0161os: kop\u0161 2022.gada, ievesti no D\u0101nijas Svars: 2-3,5 kg Augums: 39 \u2014 46 cm, astes garums \u2013 l\u012bdz 64 cm Dz\u012bves ilgums: 16\u201419, nebr\u012bv\u0113 &#8211; 33 Gr\u016btniec\u012bba: 4,5 m\u0113ne\u0161i Di\u0113ta: vis\u0113d\u0101js IZPLAT\u012aBA Dab\u0101: tikai Madagaskaras salas D, DR da\u013c\u0101 &#8211; sausos jauktajos un mitros kalnu me\u017eos, savann\u0101s, [&hellip;]\" \/>\n<meta property=\"og:url\" content=\"https:\/\/www.kamieli.lv\/en\/lemuri\/\" \/>\n<meta property=\"og:site_name\" content=\"Rak\u0161i Zoo\" \/>\n<meta property=\"article:modified_time\" content=\"2023-03-29T14:05:16+00:00\" \/>\n<meta name=\"twitter:card\" content=\"summary_large_image\" \/>\n<meta name=\"twitter:label1\" content=\"Est. reading time\" \/>\n\t<meta name=\"twitter:data1\" content=\"2 minutes\" \/>\n<script type=\"application\/ld+json\" class=\"yoast-schema-graph\">{\"@context\":\"https:\\\/\\\/schema.org\",\"@graph\":[{\"@type\":\"WebPage\",\"@id\":\"https:\\\/\\\/www.kamieli.lv\\\/lemuri\\\/\",\"url\":\"https:\\\/\\\/www.kamieli.lv\\\/lemuri\\\/\",\"name\":\"Lemurs - Rak\u0161i Zoo\",\"isPartOf\":{\"@id\":\"https:\\\/\\\/www.kamieli.lv\\\/#website\"},\"datePublished\":\"2023-03-29T13:55:20+00:00\",\"dateModified\":\"2023-03-29T14:05:16+00:00\",\"breadcrumb\":{\"@id\":\"https:\\\/\\\/www.kamieli.lv\\\/lemuri\\\/#breadcrumb\"},\"inLanguage\":\"en-US\",\"potentialAction\":[{\"@type\":\"ReadAction\",\"target\":[\"https:\\\/\\\/www.kamieli.lv\\\/lemuri\\\/\"]}]},{\"@type\":\"BreadcrumbList\",\"@id\":\"https:\\\/\\\/www.kamieli.lv\\\/lemuri\\\/#breadcrumb\",\"itemListElement\":[{\"@type\":\"ListItem\",\"position\":1,\"name\":\"Home\",\"item\":\"https:\\\/\\\/www.kamieli.lv\\\/\"},{\"@type\":\"ListItem\",\"position\":2,\"name\":\"Lemurs\"}]},{\"@type\":\"WebSite\",\"@id\":\"https:\\\/\\\/www.kamieli.lv\\\/#website\",\"url\":\"https:\\\/\\\/www.kamieli.lv\\\/\",\"name\":\"Rak\u0161i Zoo\",\"description\":\"\u201eRak\u0161i\u201d br\u012bvdabas ZOO var redz\u0113t gandr\u012bz 200 dz\u012bvniekus\",\"publisher\":{\"@id\":\"https:\\\/\\\/www.kamieli.lv\\\/#organization\"},\"potentialAction\":[{\"@type\":\"SearchAction\",\"target\":{\"@type\":\"EntryPoint\",\"urlTemplate\":\"https:\\\/\\\/www.kamieli.lv\\\/?s={search_term_string}\"},\"query-input\":{\"@type\":\"PropertyValueSpecification\",\"valueRequired\":true,\"valueName\":\"search_term_string\"}}],\"inLanguage\":\"en-US\"},{\"@type\":\"Organization\",\"@id\":\"https:\\\/\\\/www.kamieli.lv\\\/#organization\",\"name\":\"Rak\u0161i Zoo\",\"url\":\"https:\\\/\\\/www.kamieli.lv\\\/\",\"logo\":{\"@type\":\"ImageObject\",\"inLanguage\":\"en-US\",\"@id\":\"https:\\\/\\\/www.kamieli.lv\\\/#\\\/schema\\\/logo\\\/image\\\/\",\"url\":\"https:\\\/\\\/www.kamieli.lv\\\/wp-content\\\/uploads\\\/2021\\\/03\\\/logo-raksi-2.png\",\"contentUrl\":\"https:\\\/\\\/www.kamieli.lv\\\/wp-content\\\/uploads\\\/2021\\\/03\\\/logo-raksi-2.png\",\"width\":89,\"height\":50,\"caption\":\"Rak\u0161i Zoo\"},\"image\":{\"@id\":\"https:\\\/\\\/www.kamieli.lv\\\/#\\\/schema\\\/logo\\\/image\\\/\"}}]}<\/script>\n<!-- \/ Yoast SEO Premium plugin. -->","yoast_head_json":{"title":"Lemurs - Rak\u0161i Zoo","robots":{"index":"index","follow":"follow","max-snippet":"max-snippet:-1","max-image-preview":"max-image-preview:large","max-video-preview":"max-video-preview:-1"},"canonical":"https:\/\/www.kamieli.lv\/en\/lemuri\/","og_locale":"en_US","og_type":"article","og_title":"Lemurs","og_description":"KA\u0136U LEMURS (Lemur katta) Slapjdeguna p\u0113rti\u0137u apak\u0161k\u0101rtas pusp\u0113rti\u0137is. Rak\u0161os: kop\u0161 2022.gada, ievesti no D\u0101nijas Svars: 2-3,5 kg Augums: 39 \u2014 46 cm, astes garums \u2013 l\u012bdz 64 cm Dz\u012bves ilgums: 16\u201419, nebr\u012bv\u0113 &#8211; 33 Gr\u016btniec\u012bba: 4,5 m\u0113ne\u0161i Di\u0113ta: vis\u0113d\u0101js IZPLAT\u012aBA Dab\u0101: tikai Madagaskaras salas D, DR da\u013c\u0101 &#8211; sausos jauktajos un mitros kalnu me\u017eos, savann\u0101s, [&hellip;]","og_url":"https:\/\/www.kamieli.lv\/en\/lemuri\/","og_site_name":"Rak\u0161i Zoo","article_modified_time":"2023-03-29T14:05:16+00:00","twitter_card":"summary_large_image","twitter_misc":{"Est. reading time":"2 minutes"},"schema":{"@context":"https:\/\/schema.org","@graph":[{"@type":"WebPage","@id":"https:\/\/www.kamieli.lv\/lemuri\/","url":"https:\/\/www.kamieli.lv\/lemuri\/","name":"Lemurs - Rak\u0161i Zoo","isPartOf":{"@id":"https:\/\/www.kamieli.lv\/#website"},"datePublished":"2023-03-29T13:55:20+00:00","dateModified":"2023-03-29T14:05:16+00:00","breadcrumb":{"@id":"https:\/\/www.kamieli.lv\/lemuri\/#breadcrumb"},"inLanguage":"en-US","potentialAction":[{"@type":"ReadAction","target":["https:\/\/www.kamieli.lv\/lemuri\/"]}]},{"@type":"BreadcrumbList","@id":"https:\/\/www.kamieli.lv\/lemuri\/#breadcrumb","itemListElement":[{"@type":"ListItem","position":1,"name":"Home","item":"https:\/\/www.kamieli.lv\/"},{"@type":"ListItem","position":2,"name":"Lemurs"}]},{"@type":"WebSite","@id":"https:\/\/www.kamieli.lv\/#website","url":"https:\/\/www.kamieli.lv\/","name":"Rak\u0161i Zoo","description":"\u201eRak\u0161i\u201d br\u012bvdabas ZOO var redz\u0113t gandr\u012bz 200 dz\u012bvniekus","publisher":{"@id":"https:\/\/www.kamieli.lv\/#organization"},"potentialAction":[{"@type":"SearchAction","target":{"@type":"EntryPoint","urlTemplate":"https:\/\/www.kamieli.lv\/?s={search_term_string}"},"query-input":{"@type":"PropertyValueSpecification","valueRequired":true,"valueName":"search_term_string"}}],"inLanguage":"en-US"},{"@type":"Organization","@id":"https:\/\/www.kamieli.lv\/#organization","name":"Rak\u0161i Zoo","url":"https:\/\/www.kamieli.lv\/","logo":{"@type":"ImageObject","inLanguage":"en-US","@id":"https:\/\/www.kamieli.lv\/#\/schema\/logo\/image\/","url":"https:\/\/www.kamieli.lv\/wp-content\/uploads\/2021\/03\/logo-raksi-2.png","contentUrl":"https:\/\/www.kamieli.lv\/wp-content\/uploads\/2021\/03\/logo-raksi-2.png","width":89,"height":50,"caption":"Rak\u0161i Zoo"},"image":{"@id":"https:\/\/www.kamieli.lv\/#\/schema\/logo\/image\/"}}]}},"_links":{"self":[{"href":"https:\/\/www.kamieli.lv\/en\/wp-json\/wp\/v2\/pages\/8794","targetHints":{"allow":["GET"]}}],"collection":[{"href":"https:\/\/www.kamieli.lv\/en\/wp-json\/wp\/v2\/pages"}],"about":[{"href":"https:\/\/www.kamieli.lv\/en\/wp-json\/wp\/v2\/types\/page"}],"author":[{"embeddable":true,"href":"https:\/\/www.kamieli.lv\/en\/wp-json\/wp\/v2\/users\/1"}],"replies":[{"embeddable":true,"href":"https:\/\/www.kamieli.lv\/en\/wp-json\/wp\/v2\/comments?post=8794"}],"version-history":[{"count":0,"href":"https:\/\/www.kamieli.lv\/en\/wp-json\/wp\/v2\/pages\/8794\/revisions"}],"wp:attachment":[{"href":"https:\/\/www.kamieli.lv\/en\/wp-json\/wp\/v2\/media?parent=8794"}],"curies":[{"name":"wp","href":"https:\/\/api.w.org\/{rel}","templated":true}]}}